{"id":3131,"date":"2023-05-23T13:27:36","date_gmt":"2023-05-23T13:27:36","guid":{"rendered":"https:\/\/weissmanfred.hu\/?page_id=3131"},"modified":"2023-05-23T13:27:54","modified_gmt":"2023-05-23T13:27:54","slug":"technologus","status":"publish","type":"page","link":"https:\/\/weissmanfred.hu\/en\/technologus\/","title":{"rendered":"Technol\u00f3gus"},"content":{"rendered":"<p>[et_pb_section fb_built=&#8221;1&#8243; admin_label=&#8221;Feature &#8211; Image Left&#8221; _builder_version=&#8221;4.16&#8243; custom_margin=&#8221;-36px|||||&#8221; custom_padding=&#8221;117px|0px|100px|0px||&#8221; global_colors_info=&#8221;{}&#8221; theme_builder_area=&#8221;post_content&#8221;][et_pb_row _builder_version=&#8221;4.20.4&#8243; _module_preset=&#8221;default&#8221; custom_padding=&#8221;15px|||||&#8221; global_colors_info=&#8221;{}&#8221; theme_builder_area=&#8221;post_content&#8221;][et_pb_column type=&#8221;4_4&#8243; _builder_version=&#8221;4.20.4&#8243; _module_preset=&#8221;default&#8221; global_colors_info=&#8221;{}&#8221; theme_builder_area=&#8221;post_content&#8221;][et_pb_text _builder_version=&#8221;4.20.4&#8243; _module_preset=&#8221;default&#8221; hover_enabled=&#8221;0&#8243; global_colors_info=&#8221;{}&#8221; theme_builder_area=&#8221;post_content&#8221; sticky_enabled=&#8221;0&#8243;]<\/p>\n<h1 style=\"text-align: center;\"><\/h1>\n<h1 style=\"text-align: center;\">Technol\u00f3gus<\/h1>\n<p>&nbsp;<\/p>\n<p>&nbsp;<\/p>\n<h3><\/h3>\n<h3>F\u0151bb feladatok, munk\u00e1k:<\/h3>\n<p>&nbsp;<\/p>\n<ul>\n<li><span>r\u00e9szt vesz a v\u00e1llalat \u00f6ntv\u00e9nygy\u00e1rt\u00e1si technol\u00f3gi\u00e1j\u00e1nak kialak\u00edt\u00e1s\u00e1ban, bevezet\u00e9s\u00e9ben \u00e9s fel\u00fcgyelet\u00e9ben<\/span><\/li>\n<li><span>r\u00e9szt vesz a kialak\u00edtott technol\u00f3gia \u00fczemi bevezet\u00e9s\u00e9nek ir\u00e1ny\u00edt\u00e1s\u00e1ban<\/span><\/li>\n<li><span>fel\u00fcgyeli a m\u00e1r bevezetett technol\u00f3gi\u00e1kn\u00e1l a technol\u00f3giai fegyelem betart\u00e1s\u00e1t<\/span><\/li>\n<li><span>r\u00e9szt vesz a gy\u00e1rthat\u00f3s\u00e1gr\u00f3l val\u00f3 d\u00f6nt\u00e9s el\u0151k\u00e9sz\u00edt\u00e9s\u00e9ben<\/span><\/li>\n<li><span>elk\u00e9sz\u00edti az \u00f6ntv\u00e9nygy\u00e1rt\u00e1s dokumentumait<\/span><\/li>\n<li><span>szakmai kooper\u00e1ci\u00f3t biztos\u00edt a gy\u00e1rt\u00f3eszk\u00f6z\u00f6k jav\u00edttat\u00e1s\u00e1ban \u00e9s elk\u00e9sz\u00edt\u00e9s\u00e9ben<\/span><\/li>\n<li><span>javaslatokat dolgoz ki az alkalmazott technol\u00f3gi\u00e1k, technik\u00e1k fejleszt\u00e9s\u00e9re<\/span><\/li>\n<li><span>r\u00e9szt vesz a rendszeres term\u00e9kellen\u0151rz\u00e9si folyamatban<\/span><\/li>\n<\/ul>\n<h3><\/h3>\n<h3><\/h3>\n<h3>Az \u00e1ll\u00e1shoz tartoz\u00f3 elv\u00e1r\u00e1sok:<\/h3>\n<p>&nbsp;<\/p>\n<ul>\n<li><span>egyetemi\/f\u0151iskolai koh\u00f3m\u00e9rn\u00f6k, vagy g\u00e9p\u00e9szm\u00e9rn\u00f6k v\u00e9gzetts\u00e9g<\/span><\/li>\n<li><span>k\u00f6z\u00e9pfok\u00fa angol vagy n\u00e9met nyelvtud\u00e1s<\/span><\/li>\n<li><span>\u00f6n\u00e1ll\u00f3 \u00e9s prec\u00edz munkav\u00e9gz\u00e9s<\/span><\/li>\n<li><span>rugalmass\u00e1g<\/span><\/li>\n<li><span>felhaszn\u00e1l\u00f3i szint\u0171 sz\u00e1m\u00edt\u00f3g\u00e9pes ismeretek<\/span><\/li>\n<\/ul>\n<p>&nbsp;<\/p>\n<h3>Az \u00e1ll\u00e1s bet\u00f6lt\u00e9s\u00e9hez el\u0151nyt jelent:<\/h3>\n<p>&nbsp;<\/p>\n<ul>\n<li><span>vas\u00f6ntv\u00e9ny gy\u00e1rt\u00e1s ter\u00fclet\u00e9n szerzett tapasztalat<\/span><\/li>\n<li><span>Solid Edge vagy azzal egyen\u00e9rt\u00e9k\u0171 szoftver ismerete<\/span><\/li>\n<\/ul>\n<p>&nbsp;<\/p>\n<h3>Amit k\u00edn\u00e1lunk:<\/h3>\n<p>&nbsp;<\/p>\n<ul>\n<li>Versenyk\u00e9pes fizet\u00e9s<\/li>\n<li>Stabil, magyar tulajdonosi h\u00e1tt\u00e9r<\/li>\n<li>Szakmai fejl\u0151d\u00e9si lehet\u0151s\u00e9g<\/li>\n<li>\u00d6sszetart\u00f3 k\u00f6z\u00f6ss\u00e9g<\/li>\n<\/ul>\n<p>&nbsp;<\/p>\n<p>&nbsp;<\/p>\n<p>[\/et_pb_text][\/et_pb_column][\/et_pb_row][\/et_pb_section][et_pb_section fb_built=&#8221;1&#8243; _builder_version=&#8221;4.16&#8243; background_color=&#8221;#FFFFFF&#8221; use_background_color_gradient=&#8221;on&#8221; background_color_gradient_type=&#8221;circular&#8221; background_color_gradient_direction_radial=&#8221;bottom right&#8221; background_color_gradient_stops=&#8221;#08110d 0%|rgba(22,12,17,0.23) 100%&#8221; background_color_gradient_start=&#8221;#08110d&#8221; background_color_gradient_end=&#8221;rgba(22,12,17,0.23)&#8221; min_height=&#8221;608.6px&#8221; custom_margin=&#8221;-16px|||||&#8221; custom_padding=&#8221;59px|0px|59px|0px|true|false&#8221; global_colors_info=&#8221;{}&#8221; theme_builder_area=&#8221;post_content&#8221;][et_pb_row column_structure=&#8221;1_2,1_2&#8243; _builder_version=&#8221;4.16&#8243; custom_padding=&#8221;94px|||||&#8221; global_colors_info=&#8221;{}&#8221; theme_builder_area=&#8221;post_content&#8221;][et_pb_column type=&#8221;1_2&#8243; _builder_version=&#8221;4.16&#8243; custom_padding=&#8221;|||&#8221; global_colors_info=&#8221;{}&#8221; custom_padding__hover=&#8221;|||&#8221; theme_builder_area=&#8221;post_content&#8221;][et_pb_contact_form email=&#8221;viktoria.gorog@weissmanfred.hu&#8221; admin_label=&#8221;Contact Form &#8211; class .de-contact-form&#8221; module_class=&#8221;de-contact-form&#8221; _builder_version=&#8221;4.20.4&#8243; _unique_id=&#8221;f8268b32-9fb8-4297-9af2-9d1104e7c483&#8243; custom_button=&#8221;on&#8221; button_text_color=&#8221;#ffffff&#8221; button_font=&#8221;||||||||&#8221; link_option_url=&#8221;https:\/\/weissmanfred.hu\/adatvedelem\/&#8221; global_colors_info=&#8221;{}&#8221; theme_builder_area=&#8221;post_content&#8221;][et_pb_contact_field field_id=&#8221;Name&#8221; field_title=&#8221;N\u00e9v&#8221; fullwidth_field=&#8221;on&#8221; _builder_version=&#8221;4.16&#8243; global_colors_info=&#8221;{}&#8221; button_text_size__hover_enabled=&#8221;off&#8221; button_one_text_size__hover_enabled=&#8221;off&#8221; button_two_text_size__hover_enabled=&#8221;off&#8221; button_text_color__hover_enabled=&#8221;off&#8221; button_one_text_color__hover_enabled=&#8221;off&#8221; button_two_text_color__hover_enabled=&#8221;off&#8221; button_border_width__hover_enabled=&#8221;off&#8221; button_one_border_width__hover_enabled=&#8221;off&#8221; button_two_border_width__hover_enabled=&#8221;off&#8221; button_border_color__hover_enabled=&#8221;off&#8221; button_one_border_color__hover_enabled=&#8221;off&#8221; button_two_border_color__hover_enabled=&#8221;off&#8221; button_border_radius__hover_enabled=&#8221;off&#8221; button_one_border_radius__hover_enabled=&#8221;off&#8221; button_two_border_radius__hover_enabled=&#8221;off&#8221; button_letter_spacing__hover_enabled=&#8221;off&#8221; button_one_letter_spacing__hover_enabled=&#8221;off&#8221; button_two_letter_spacing__hover_enabled=&#8221;off&#8221; button_bg_color__hover_enabled=&#8221;off&#8221; button_one_bg_color__hover_enabled=&#8221;off&#8221; button_two_bg_color__hover_enabled=&#8221;off&#8221; theme_builder_area=&#8221;post_content&#8221;][\/et_pb_contact_field][et_pb_contact_field field_id=&#8221;Email&#8221; field_title=&#8221;Email c\u00edm&#8221; field_type=&#8221;email&#8221; fullwidth_field=&#8221;on&#8221; _builder_version=&#8221;4.16&#8243; global_colors_info=&#8221;{}&#8221; button_text_size__hover_enabled=&#8221;off&#8221; button_one_text_size__hover_enabled=&#8221;off&#8221; button_two_text_size__hover_enabled=&#8221;off&#8221; button_text_color__hover_enabled=&#8221;off&#8221; button_one_text_color__hover_enabled=&#8221;off&#8221; button_two_text_color__hover_enabled=&#8221;off&#8221; button_border_width__hover_enabled=&#8221;off&#8221; button_one_border_width__hover_enabled=&#8221;off&#8221; button_two_border_width__hover_enabled=&#8221;off&#8221; button_border_color__hover_enabled=&#8221;off&#8221; button_one_border_color__hover_enabled=&#8221;off&#8221; button_two_border_color__hover_enabled=&#8221;off&#8221; button_border_radius__hover_enabled=&#8221;off&#8221; button_one_border_radius__hover_enabled=&#8221;off&#8221; button_two_border_radius__hover_enabled=&#8221;off&#8221; button_letter_spacing__hover_enabled=&#8221;off&#8221; button_one_letter_spacing__hover_enabled=&#8221;off&#8221; button_two_letter_spacing__hover_enabled=&#8221;off&#8221; button_bg_color__hover_enabled=&#8221;off&#8221; button_one_bg_color__hover_enabled=&#8221;off&#8221; button_two_bg_color__hover_enabled=&#8221;off&#8221; theme_builder_area=&#8221;post_content&#8221;][\/et_pb_contact_field][et_pb_contact_field field_id=&#8221;tel&#8221; field_title=&#8221;Telefon&#8221; required_mark=&#8221;off&#8221; fullwidth_field=&#8221;on&#8221; _builder_version=&#8221;4.20.4&#8243; global_colors_info=&#8221;{}&#8221; button_text_size__hover_enabled=&#8221;off&#8221; button_one_text_size__hover_enabled=&#8221;off&#8221; button_two_text_size__hover_enabled=&#8221;off&#8221; button_text_color__hover_enabled=&#8221;off&#8221; button_one_text_color__hover_enabled=&#8221;off&#8221; button_two_text_color__hover_enabled=&#8221;off&#8221; button_border_width__hover_enabled=&#8221;off&#8221; button_one_border_width__hover_enabled=&#8221;off&#8221; button_two_border_width__hover_enabled=&#8221;off&#8221; button_border_color__hover_enabled=&#8221;off&#8221; button_one_border_color__hover_enabled=&#8221;off&#8221; button_two_border_color__hover_enabled=&#8221;off&#8221; button_border_radius__hover_enabled=&#8221;off&#8221; button_one_border_radius__hover_enabled=&#8221;off&#8221; button_two_border_radius__hover_enabled=&#8221;off&#8221; button_letter_spacing__hover_enabled=&#8221;off&#8221; button_one_letter_spacing__hover_enabled=&#8221;off&#8221; button_two_letter_spacing__hover_enabled=&#8221;off&#8221; button_bg_color__hover_enabled=&#8221;off&#8221; button_one_bg_color__hover_enabled=&#8221;off&#8221; button_two_bg_color__hover_enabled=&#8221;off&#8221; theme_builder_area=&#8221;post_content&#8221;][\/et_pb_contact_field][et_pb_contact_field field_id=&#8221;tel_2&#8243; field_title=&#8221;Poz\u00edci\u00f3&#8221; required_mark=&#8221;off&#8221; fullwidth_field=&#8221;on&#8221; _builder_version=&#8221;4.20.4&#8243; global_colors_info=&#8221;{}&#8221; button_text_size__hover_enabled=&#8221;off&#8221; button_one_text_size__hover_enabled=&#8221;off&#8221; button_two_text_size__hover_enabled=&#8221;off&#8221; button_text_color__hover_enabled=&#8221;off&#8221; button_one_text_color__hover_enabled=&#8221;off&#8221; button_two_text_color__hover_enabled=&#8221;off&#8221; button_border_width__hover_enabled=&#8221;off&#8221; button_one_border_width__hover_enabled=&#8221;off&#8221; button_two_border_width__hover_enabled=&#8221;off&#8221; button_border_color__hover_enabled=&#8221;off&#8221; button_one_border_color__hover_enabled=&#8221;off&#8221; button_two_border_color__hover_enabled=&#8221;off&#8221; button_border_radius__hover_enabled=&#8221;off&#8221; button_one_border_radius__hover_enabled=&#8221;off&#8221; button_two_border_radius__hover_enabled=&#8221;off&#8221; button_letter_spacing__hover_enabled=&#8221;off&#8221; button_one_letter_spacing__hover_enabled=&#8221;off&#8221; button_two_letter_spacing__hover_enabled=&#8221;off&#8221; button_bg_color__hover_enabled=&#8221;off&#8221; button_one_bg_color__hover_enabled=&#8221;off&#8221; button_two_bg_color__hover_enabled=&#8221;off&#8221; theme_builder_area=&#8221;post_content&#8221;][\/et_pb_contact_field][et_pb_contact_field field_id=&#8221;Message&#8221; field_title=&#8221;Bemutatkoz\u00e1s p\u00e1r mondatban:&#8221; field_type=&#8221;text&#8221; fullwidth_field=&#8221;on&#8221; _builder_version=&#8221;4.20.4&#8243; global_colors_info=&#8221;{}&#8221; button_text_size__hover_enabled=&#8221;off&#8221; button_one_text_size__hover_enabled=&#8221;off&#8221; button_two_text_size__hover_enabled=&#8221;off&#8221; button_text_color__hover_enabled=&#8221;off&#8221; button_one_text_color__hover_enabled=&#8221;off&#8221; button_two_text_color__hover_enabled=&#8221;off&#8221; button_border_width__hover_enabled=&#8221;off&#8221; button_one_border_width__hover_enabled=&#8221;off&#8221; button_two_border_width__hover_enabled=&#8221;off&#8221; button_border_color__hover_enabled=&#8221;off&#8221; button_one_border_color__hover_enabled=&#8221;off&#8221; button_two_border_color__hover_enabled=&#8221;off&#8221; button_border_radius__hover_enabled=&#8221;off&#8221; button_one_border_radius__hover_enabled=&#8221;off&#8221; button_two_border_radius__hover_enabled=&#8221;off&#8221; button_letter_spacing__hover_enabled=&#8221;off&#8221; button_one_letter_spacing__hover_enabled=&#8221;off&#8221; button_two_letter_spacing__hover_enabled=&#8221;off&#8221; button_bg_color__hover_enabled=&#8221;off&#8221; button_one_bg_color__hover_enabled=&#8221;off&#8221; button_two_bg_color__hover_enabled=&#8221;off&#8221; theme_builder_area=&#8221;post_content&#8221;][\/et_pb_contact_field][et_pb_contact_field field_id=&#8221;Adatv\u00e9delem&#8221; field_title=&#8221;Adatv\u00e9delem&#8221; field_type=&#8221;checkbox&#8221; checkbox_options=&#8221;%91{%22value%22:%22Elolvastam \u00e9s elfogadom az adatv\u00e9delmi nyilatkozatot. %22,%22checked%22:0,%22dragID%22:-1,%22link_url%22:%22https:\/\/weissmanfred.hu\/adatvedelem\/%22}%93&#8243; fullwidth_field=&#8221;on&#8221; _builder_version=&#8221;4.16&#8243; link_option_url=&#8221;https:\/\/weissmanfred.hu\/adatvedelem\/&#8221; link_option_url_new_window=&#8221;on&#8221; global_colors_info=&#8221;{}&#8221; theme_builder_area=&#8221;post_content&#8221;][\/et_pb_contact_field][\/et_pb_contact_form][\/et_pb_column][et_pb_column type=&#8221;1_2&#8243; _builder_version=&#8221;4.16&#8243; custom_padding=&#8221;|||&#8221; global_colors_info=&#8221;{}&#8221; custom_padding__hover=&#8221;|||&#8221; theme_builder_area=&#8221;post_content&#8221;][et_pb_cta title=&#8221;V\u00e1rjuk jelentkez\u00e9s\u00e9t!&#8221; button_text=&#8221;Kattint\u00e1sok&#8221; _builder_version=&#8221;4.20.4&#8243; _module_preset=&#8221;default&#8221; min_height=&#8221;351.7px&#8221; custom_margin=&#8221;||88px|||&#8221; custom_padding=&#8221;||119px|||&#8221; global_colors_info=&#8221;{}&#8221; theme_builder_area=&#8221;post_content&#8221;]<\/p>\n<p><em><strong><\/strong><\/em><\/p>\n<p>&nbsp;<\/p>\n<p>By filling out the form below, you can get in touch with the human resources department of the company.<\/p>\n<p>Please send your message and contact information, we will call you back!\u00a0<\/p>\n<p>&nbsp;<\/p>\n<p>[\/et_pb_cta][\/et_pb_column][\/et_pb_row][et_pb_row column_structure=&#8221;1_2,1_2&#8243; _builder_version=&#8221;4.20.4&#8243; _module_preset=&#8221;default&#8221; global_colors_info=&#8221;{}&#8221; theme_builder_area=&#8221;post_content&#8221;][et_pb_column type=&#8221;1_2&#8243; _builder_version=&#8221;4.20.4&#8243; _module_preset=&#8221;default&#8221; global_colors_info=&#8221;{}&#8221; theme_builder_area=&#8221;post_content&#8221;][\/et_pb_column][et_pb_column type=&#8221;1_2&#8243; _builder_version=&#8221;4.20.4&#8243; _module_preset=&#8221;default&#8221; global_colors_info=&#8221;{}&#8221; theme_builder_area=&#8221;post_content&#8221;][\/et_pb_column][\/et_pb_row][\/et_pb_section]<\/p>","protected":false},"excerpt":{"rendered":"<p>Technol\u00f3gus &nbsp; &nbsp; F\u0151bb feladatok, munk\u00e1k: &nbsp; r\u00e9szt vesz a v\u00e1llalat \u00f6ntv\u00e9nygy\u00e1rt\u00e1si technol\u00f3gi\u00e1j\u00e1nak kialak\u00edt\u00e1s\u00e1ban, bevezet\u00e9s\u00e9ben \u00e9s fel\u00fcgyelet\u00e9ben r\u00e9szt vesz a kialak\u00edtott technol\u00f3gia \u00fczemi bevezet\u00e9s\u00e9nek ir\u00e1ny\u00edt\u00e1s\u00e1ban fel\u00fcgyeli a m\u00e1r bevezetett technol\u00f3gi\u00e1kn\u00e1l a technol\u00f3giai fegyelem betart\u00e1s\u00e1t r\u00e9szt vesz a gy\u00e1rthat\u00f3s\u00e1gr\u00f3l val\u00f3 d\u00f6nt\u00e9s el\u0151k\u00e9sz\u00edt\u00e9s\u00e9ben elk\u00e9sz\u00edti az \u00f6ntv\u00e9nygy\u00e1rt\u00e1s dokumentumait szakmai kooper\u00e1ci\u00f3t biztos\u00edt a gy\u00e1rt\u00f3eszk\u00f6z\u00f6k jav\u00edttat\u00e1s\u00e1ban \u00e9s elk\u00e9sz\u00edt\u00e9s\u00e9ben javaslatokat dolgoz [&hellip;]<\/p>","protected":false},"author":1,"featured_media":0,"parent":0,"menu_order":0,"comment_status":"closed","ping_status":"closed","template":"","meta":{"_et_pb_use_builder":"on","_et_pb_old_content":"","_et_gb_content_width":"","footnotes":""},"class_list":["post-3131","page","type-page","status-publish","hentry"],"_links":{"self":[{"href":"https:\/\/weissmanfred.hu\/en\/wp-json\/wp\/v2\/pages\/3131","targetHints":{"allow":["GET"]}}],"collection":[{"href":"https:\/\/weissmanfred.hu\/en\/wp-json\/wp\/v2\/pages"}],"about":[{"href":"https:\/\/weissmanfred.hu\/en\/wp-json\/wp\/v2\/types\/page"}],"author":[{"embeddable":true,"href":"https:\/\/weissmanfred.hu\/en\/wp-json\/wp\/v2\/users\/1"}],"replies":[{"embeddable":true,"href":"https:\/\/weissmanfred.hu\/en\/wp-json\/wp\/v2\/comments?post=3131"}],"version-history":[{"count":2,"href":"https:\/\/weissmanfred.hu\/en\/wp-json\/wp\/v2\/pages\/3131\/revisions"}],"predecessor-version":[{"id":3134,"href":"https:\/\/weissmanfred.hu\/en\/wp-json\/wp\/v2\/pages\/3131\/revisions\/3134"}],"wp:attachment":[{"href":"https:\/\/weissmanfred.hu\/en\/wp-json\/wp\/v2\/media?parent=3131"}],"curies":[{"name":"wp","href":"https:\/\/api.w.org\/{rel}","templated":true}]}}