{"id":2767,"date":"2022-02-28T20:36:04","date_gmt":"2022-02-28T20:36:04","guid":{"rendered":"https:\/\/weissmanfred.hu\/rolunk\/"},"modified":"2022-03-01T12:52:30","modified_gmt":"2022-03-01T12:52:30","slug":"rolunk-3","status":"publish","type":"page","link":"https:\/\/weissmanfred.hu\/en\/rolunk-3\/","title":{"rendered":"About us"},"content":{"rendered":"[et_pb_section fb_built=&#8221;1&#8243; _builder_version=&#8221;4.11.3&#8243; background_image=&#8221;https:\/\/weissmanfred.hu\/wp-content\/uploads\/2021\/10\/regi-csepel-muvek.jpg&#8221; custom_padding=&#8221;35px|0px|17px|0px|false|false&#8221; hover_transition_duration=&#8221;150ms&#8221; global_colors_info=&#8221;{}&#8221;][et_pb_row _builder_version=&#8221;3.25&#8243; custom_padding=&#8221;27px|0px|0|0px|false|false&#8221; global_colors_info=&#8221;{}&#8221;][et_pb_column type=&#8221;4_4&#8243; _builder_version=&#8221;3.25&#8243; custom_padding=&#8221;|||&#8221; global_colors_info=&#8221;{}&#8221; custom_padding__hover=&#8221;|||&#8221;][et_pb_text _builder_version=&#8221;3.27.4&#8243; text_font=&#8221;||||||||&#8221; text_text_color=&#8221;#cc2002&#8243; text_font_size=&#8221;20px&#8221; header_font=&#8221;||||||||&#8221; header_text_color=&#8221;#ffffff&#8221; header_font_size=&#8221;45px&#8221; global_colors_info=&#8221;{}&#8221;]<h1>About us and our company<\/h1>\n<p>Knowledge is measurable<\/p>\n<p>&nbsp;<\/p>[\/et_pb_text][\/et_pb_column][\/et_pb_row][\/et_pb_section][et_pb_section fb_built=&#8221;1&#8243; _builder_version=&#8221;3.22.3&#8243; min_height=&#8221;1349.8px&#8221; custom_margin=&#8221;||-59px|||&#8221; custom_padding=&#8221;1px|0px|54px|0px|false|false&#8221; global_colors_info=&#8221;{}&#8221;][et_pb_row column_structure=&#8221;1_2,1_2&#8243; _builder_version=&#8221;3.25&#8243; global_colors_info=&#8221;{}&#8221;][et_pb_column type=&#8221;1_2&#8243; _builder_version=&#8221;3.25&#8243; custom_padding=&#8221;|||&#8221; global_colors_info=&#8221;{}&#8221; custom_padding__hover=&#8221;|||&#8221;][et_pb_text admin_label=&#8221;Text h1 header&#8221; _builder_version=&#8221;4.11.3&#8243; header_font=&#8221;|700|||||||&#8221; header_font_size=&#8221;35px&#8221; custom_margin=&#8221;||20px|&#8221; header_font_size_tablet=&#8221;33px&#8221; header_font_size_phone=&#8221;27px&#8221; header_font_size_last_edited=&#8221;on|phone&#8221; global_colors_info=&#8221;{}&#8221;]<h2>110 years of experience in foundry<\/h2>[\/et_pb_text][et_pb_text _builder_version=&#8221;3.27.4&#8243; global_colors_info=&#8221;{}&#8221;]<p>The foundry in Csepel was founded by Weiss Manfred in 1911 and has been operating at its current site in the industrial park in Csepel ever since. Until the mid-1960s, as a member of the group operating mainly in the industrial park, his task was to satisfy the casting needs of the associated companies - machine tool factory, custom machine factory, motorcycle factory, pipe factory.<\/p>\n<p>From 1966 onwards, with a major change in profile, its main product line was the production of automotive castings, mainly a six-cylinder engine block manufactured under a German MAN license, but the previous profiles were retained.<\/p>\n<p>From that time until the early 1990s, it became Hungary's largest on-site foundry: with an annual production of 35,000 tons of sheet and spheroidal graphite cast iron, 5,000 tons of steel castings and 1,000 tons of precision castings.<\/p>\n<p>Most of the new procedures related to this field were introduced here for the first time\nin Hungary. In 1978 the Meehanite license was introduced, which is considered to be\nthe predecessor of today&#039;s quality assurance systems.<\/p>\n<p>Earlier markets collapsed in the early 1990s, necessitating a significant capacity reduction and a more stable market environment. In 1995, the foundry was privatized by Universal Automotive Inc (IL) in the United States. The company was owned by the United States until 2004, and since then it has been owned by Hungary again.<\/p>\n<p>The sole owner, Dr. J\u00f3zsef Sohajda, was the president of the Hungarian Foundry Association for many years, and is a recognized practitioner in university casting engineering.<\/p>\n<p>The foundry has specialized in the production of complex, high-core sheet and spheroidal graphite castings in recent decades. Within this, we have been specializing in the production of pump and machine tool castings since 2003.<\/p>\n<p>Accordingly, a well-trained team of engineers and skilled workers with extensive manufacturing experience has developed. This allows us to be present in the EU and US markets, which are now dominant in our sales.<\/p>\n<blockquote>\n<p>The company is constantly improving its production and working conditions. The main investments in recent years are:<\/p>\n<ul>\n<li>2011: Introduction of a new integrated corporate governance system<\/li>\n<li>2012: Construction of a new sample warehouse, renovation of an office building<\/li>\n<li>2013: Commissioning of a new material testing laboratory<\/li>\n<li>2015: Installation of a new furnace<\/li>\n<li>2021: New sand regeneration system<\/li>\n<li>2021: New mobile scanner<\/li>\n<\/ul>\n<\/blockquote>\n<p>&nbsp;<\/p>\n<p>&nbsp;<\/p>[\/et_pb_text][\/et_pb_column][et_pb_column type=&#8221;1_2&#8243; _builder_version=&#8221;3.25&#8243; custom_padding=&#8221;|||&#8221; global_colors_info=&#8221;{}&#8221; custom_padding__hover=&#8221;|||&#8221;][et_pb_image src=&#8221;https:\/\/weissmanfred.hu\/wp-content\/uploads\/2021\/10\/tortenet1.jpg&#8221; title_text=&#8221;tortenet1&#8243; align_tablet=&#8221;center&#8221; align_phone=&#8221;&#8221; align_last_edited=&#8221;on|desktop&#8221; _builder_version=&#8221;4.11.3&#8243; global_colors_info=&#8221;{}&#8221;][\/et_pb_image][et_pb_image src=&#8221;https:\/\/weissmanfred.hu\/wp-content\/uploads\/2021\/10\/weissManfred.jpg&#8221; title_text=&#8221;weissManfr\u00e9d&#8221; align_tablet=&#8221;center&#8221; align_phone=&#8221;&#8221; align_last_edited=&#8221;on|desktop&#8221; _builder_version=&#8221;4.11.3&#8243; global_colors_info=&#8221;{}&#8221;][\/et_pb_image][et_pb_image src=&#8221;https:\/\/weissmanfred.hu\/wp-content\/uploads\/2021\/09\/uzem1-1.jpg&#8221; title_text=&#8221;uzem1-1&#8243; align_tablet=&#8221;center&#8221; align_phone=&#8221;&#8221; align_last_edited=&#8221;on|desktop&#8221; _builder_version=&#8221;4.11.3&#8243; global_colors_info=&#8221;{}&#8221;][\/et_pb_image][et_pb_image src=&#8221;https:\/\/weissmanfred.hu\/wp-content\/uploads\/2021\/10\/csepel-ipari-park.jpg&#8221; title_text=&#8221;csepel ipari park&#8221; align_tablet=&#8221;center&#8221; align_phone=&#8221;&#8221; align_last_edited=&#8221;on|desktop&#8221; _builder_version=&#8221;4.11.3&#8243; global_colors_info=&#8221;{}&#8221;][\/et_pb_image][\/et_pb_column][\/et_pb_row][\/et_pb_section][et_pb_section fb_built=&#8221;1&#8243; _builder_version=&#8221;3.22.3&#8243; use_background_color_gradient=&#8221;on&#8221; background_color_gradient_start=&#8221;#ffffff&#8221; background_color_gradient_end=&#8221;#f4f4f4&#8243; background_color_gradient_start_position=&#8221;47%&#8221; background_color_gradient_end_position=&#8221;0%&#8221; custom_margin=&#8221;70px|||||&#8221; custom_padding=&#8221;0|0px|65px|0px|false|false&#8221; global_colors_info=&#8221;{}&#8221;][et_pb_row _builder_version=&#8221;3.25&#8243; custom_padding=&#8221;0|0px|3px|0px|false|false&#8221; global_colors_info=&#8221;{}&#8221;][et_pb_column type=&#8221;4_4&#8243; _builder_version=&#8221;3.25&#8243; custom_padding=&#8221;|||&#8221; global_colors_info=&#8221;{}&#8221; custom_padding__hover=&#8221;|||&#8221;][et_pb_text _builder_version=&#8221;4.11.3&#8243; text_font=&#8221;Muli||||||||&#8221; text_text_color=&#8221;#5499D4&#8243; text_font_size=&#8221;16px&#8221; header_font=&#8221;Poppins|700||on|||||&#8221; header_text_align=&#8221;center&#8221; header_text_color=&#8221;#262626&#8243; header_font_size=&#8221;35px&#8221; header_line_height=&#8221;1.3em&#8221; header_font_size_tablet=&#8221;&#8221; header_font_size_phone=&#8221;25px&#8221; header_font_size_last_edited=&#8221;on|desktop&#8221; global_colors_info=&#8221;{}&#8221;]<h2 style=\"text-align: center;\"><strong>Our goal is to be the number one supplier to our customers.<\/strong><\/h2>[\/et_pb_text][et_pb_text _builder_version=&#8221;4.11.3&#8243; text_font=&#8221;Muli||||||||&#8221; text_text_color=&#8221;#000000&#8243; text_font_size=&#8221;16px&#8221; text_line_height=&#8221;1.8em&#8221; header_font=&#8221;Muli|700|||||||&#8221; header_text_color=&#8221;#297FCA&#8221; header_line_height=&#8221;1.3em&#8221; text_orientation=&#8221;center&#8221; width=&#8221;100%&#8221; max_width=&#8221;69%&#8221; max_width_tablet=&#8221;&#8221; max_width_phone=&#8221;98%&#8221; max_width_last_edited=&#8221;on|desktop&#8221; module_alignment=&#8221;center&#8221; custom_margin=&#8221;-11px||||false|false&#8221; global_colors_info=&#8221;{}&#8221;]<h5 style=\"text-align: center;\"><strong>We provide a full service to our customers from sample preparation to machining.<\/strong><\/h5>\n<p>&nbsp;<\/p>[\/et_pb_text][et_pb_divider divider_weight=&#8221;2px&#8221; _builder_version=&#8221;3.21.1&#8243; max_width=&#8221;120px&#8221; module_alignment=&#8221;center&#8221; custom_margin=&#8221;-8px||&#8221; global_colors_info=&#8221;{}&#8221;][\/et_pb_divider][\/et_pb_column][\/et_pb_row][\/et_pb_section][et_pb_section fb_built=&#8221;1&#8243; specialty=&#8221;on&#8221; custom_padding_last_edited=&#8221;off|desktop&#8221; admin_label=&#8221;Footer&#8221; _builder_version=&#8221;3.22.3&#8243; background_color_gradient_direction=&#8221;90deg&#8221; custom_padding=&#8221;0|0px|0|0px|true|false&#8221; custom_padding_phone=&#8221;50px||50px||true&#8221; saved_tabs=&#8221;all&#8221; global_colors_info=&#8221;{}&#8221;][et_pb_column type=&#8221;1_2&#8243; specialty_columns=&#8221;2&#8243; _builder_version=&#8221;3.25&#8243; custom_padding=&#8221;|||&#8221; global_colors_info=&#8221;{}&#8221; custom_padding__hover=&#8221;|||&#8221;][et_pb_row_inner make_equal=&#8221;on&#8221; _builder_version=&#8221;4.11.3&#8243; global_colors_info=&#8221;{}&#8221;][et_pb_column_inner saved_specialty_column_type=&#8221;1_2&#8243; _builder_version=&#8221;3.25&#8243; custom_padding=&#8221;|||&#8221; global_colors_info=&#8221;{}&#8221; custom_padding__hover=&#8221;|||&#8221;][et_pb_text admin_label=&#8221;1&#8243; _builder_version=&#8221;4.11.3&#8243; header_2_font=&#8221;Poppins|700||on|||||&#8221; header_2_text_color=&#8221;#262626&#8243; header_2_font_size=&#8221;60px&#8221; header_2_letter_spacing=&#8221;1px&#8221; header_2_line_height=&#8221;1.3em&#8221; header_6_font=&#8221;Poppins|||on|||||&#8221; header_6_text_color=&#8221;#cc2002&#8243; header_6_font_size=&#8221;16px&#8221; header_6_letter_spacing=&#8221;2px&#8221; header_6_line_height=&#8221;1.8em&#8221; background_layout=&#8221;dark&#8221; custom_margin=&#8221;|||&#8221; custom_padding=&#8221;|||&#8221; header_2_font_size_tablet=&#8221;&#8221; header_2_font_size_phone=&#8221;25px&#8221; header_2_font_size_last_edited=&#8221;on|phone&#8221; header_6_letter_spacing_tablet=&#8221;&#8221; header_6_letter_spacing_phone=&#8221;0px&#8221; header_6_letter_spacing_last_edited=&#8221;on|desktop&#8221; locked=&#8221;off&#8221; global_colors_info=&#8221;{}&#8221;]<h6>Csepel Metall Vas\u00f6nt\u00f6de Kft. <\/h6>\n<h2>Call us!<\/h2>[\/et_pb_text][\/et_pb_column_inner][\/et_pb_row_inner][et_pb_row_inner column_structure=&#8221;1_2,1_2&#8243; _builder_version=&#8221;3.25&#8243; custom_padding=&#8221;|||&#8221; global_colors_info=&#8221;{}&#8221;][et_pb_column_inner type=&#8221;1_2&#8243; saved_specialty_column_type=&#8221;1_2&#8243; _builder_version=&#8221;3.25&#8243; custom_padding=&#8221;|||&#8221; global_colors_info=&#8221;{}&#8221; custom_padding__hover=&#8221;|||&#8221;][et_pb_blurb title=&#8221;EMAIL&#8221; image=&#8221;https:\/\/cdn.hellowp.io\/wp-content\/uploads\/2019\/03\/company-23-1.png&#8221; icon_placement=&#8221;left&#8221; image_icon_width=&#8221;27px&#8221; _builder_version=&#8221;4.13.0&#8243; header_font=&#8221;Poppins|700||on|||||&#8221; header_text_color=&#8221;#262626&#8243; header_font_size=&#8221;16px&#8221; header_line_height=&#8221;1.2em&#8221; body_font=&#8221;Muli||||||||&#8221; body_text_color=&#8221;#000000&#8243; body_font_size=&#8221;16px&#8221; body_line_height=&#8221;1.8em&#8221; background_layout=&#8221;dark&#8221; animation=&#8221;off&#8221; image_max_width=&#8221;27px&#8221; global_colors_info=&#8221;{}&#8221;]<p><a href=\"mailto:arpad.nagy@weissmanfred.hu\">arpad.nagy@weissmanfred.hu<\/a><\/p>\n<p><a href=\"mailto:laszlo.erseki@weissmanfred.hu\">laszlo.erseki@weissmanfred.hu<\/a><\/p>\n<p>&nbsp;<\/p>\n<h3>Our goal is to be the number one supplier to our customers.<\/h3>[\/et_pb_blurb][et_pb_blurb title=&#8221;Telefonsz\u00e1m&#8221; image=&#8221;https:\/\/weissmanfred.hu\/wp-content\/uploads\/2021\/10\/company-23-2.png&#8221; icon_placement=&#8221;left&#8221; image_icon_width=&#8221;27px&#8221; _builder_version=&#8221;4.13.0&#8243; header_font=&#8221;Poppins|700||on|||||&#8221; header_text_color=&#8221;#262626&#8243; header_font_size=&#8221;16px&#8221; header_line_height=&#8221;1.2em&#8221; body_font=&#8221;Muli||||||||&#8221; body_text_color=&#8221;#000000&#8243; body_font_size=&#8221;16px&#8221; body_line_height=&#8221;1.8em&#8221; background_layout=&#8221;dark&#8221; custom_margin=&#8221;54px||&#8221; custom_margin_tablet=&#8221;&#8221; custom_margin_phone=&#8221;0px||&#8221; custom_margin_last_edited=&#8221;on|desktop&#8221; animation=&#8221;off&#8221; image_max_width=&#8221;27px&#8221; locked=&#8221;off&#8221; global_colors_info=&#8221;{}&#8221;]<p><span>06-(1) 276 0043<\/span><\/p>\n<p><span>06-(1) 276 1062<\/span><\/p>\n<p><span><\/span><\/p>\n<p><span><\/span><\/p>[\/et_pb_blurb][\/et_pb_column_inner][et_pb_column_inner type=&#8221;1_2&#8243; saved_specialty_column_type=&#8221;1_2&#8243; _builder_version=&#8221;3.25&#8243; custom_padding=&#8221;|||&#8221; global_colors_info=&#8221;{}&#8221; custom_padding__hover=&#8221;|||&#8221;][et_pb_blurb title=&#8221;C\u00edm\u00fcnk&#8221; image=&#8221;https:\/\/weissmanfred.hu\/wp-content\/uploads\/2021\/10\/company-23-3.png&#8221; icon_placement=&#8221;left&#8221; image_icon_width=&#8221;27px&#8221; _builder_version=&#8221;4.13.0&#8243; header_font=&#8221;Poppins|700||on|||||&#8221; header_text_color=&#8221;#262626&#8243; header_font_size=&#8221;16px&#8221; header_line_height=&#8221;1.2em&#8221; body_font=&#8221;Muli||||||||&#8221; body_text_color=&#8221;#000000&#8243; body_font_size=&#8221;16px&#8221; body_line_height=&#8221;1.8em&#8221; background_layout=&#8221;dark&#8221; animation=&#8221;off&#8221; image_max_width=&#8221;27px&#8221; locked=&#8221;off&#8221; global_colors_info=&#8221;{}&#8221;]<p><span>1211 Budapest, \u00d6nt\u00f6de str 2-12.\u00a0<\/span><\/p>\n<p><span><strong>Office:<\/strong> 1211 Budapest, Eszterg\u00e1lyos u. 10. (At the corner of Sand Street)<\/span><\/p>\n<p><span><strong>Stowage:<\/strong> 1211 Budapest, No. 4. D\u00e9zsa str.<\/span><\/p>[\/et_pb_blurb][\/et_pb_column_inner][\/et_pb_row_inner][et_pb_row_inner _builder_version=&#8221;3.25&#8243; custom_margin=&#8221;30px|||&#8221; custom_padding=&#8221;25px|0px|19px|0px|false|false&#8221; border_width_top=&#8221;1px&#8221; border_color_top=&#8221;#e2e2e2&#8243; border_width_bottom=&#8221;1px&#8221; border_color_bottom=&#8221;#e2e2e2&#8243; global_colors_info=&#8221;{}&#8221;][et_pb_column_inner saved_specialty_column_type=&#8221;1_2&#8243; _builder_version=&#8221;3.25&#8243; custom_padding=&#8221;|||&#8221; global_colors_info=&#8221;{}&#8221; custom_padding__hover=&#8221;|||&#8221;][\/et_pb_column_inner][\/et_pb_row_inner][\/et_pb_column][et_pb_column type=&#8221;1_2&#8243; _builder_version=&#8221;3.25&#8243; custom_padding=&#8221;|||&#8221; global_colors_info=&#8221;{}&#8221; custom_padding__hover=&#8221;|||&#8221;][et_pb_contact_form captcha=&#8221;off&#8221; submit_button_text=&#8221;\u00dcZENET ELK\u00dcLD\u00c9SE&#8221; module_id=&#8221;et_pb_contact_form_0&#8243; _builder_version=&#8221;4.13.1&#8243; _unique_id=&#8221;b2455fb4-dbd4-4086-9838-41b676683ecb&#8221; form_field_background_color=&#8221;rgba(0,0,0,0)&#8221; form_field_text_color=&#8221;#000000&#8243; form_field_font=&#8221;Muli||||||||&#8221; form_field_font_size=&#8221;16px&#8221; form_field_line_height=&#8221;1.8em&#8221; background_color=&#8221;#f7f7f7&#8243; custom_button=&#8221;on&#8221; button_text_size=&#8221;15px&#8221; button_text_color=&#8221;#ffffff&#8221; button_bg_color=&#8221;#cc2002&#8243; button_border_width=&#8221;9px&#8221; button_border_color=&#8221;#cc2002&#8243; button_border_radius=&#8221;100px&#8221; button_font=&#8221;Poppins|600|||||||&#8221; button_icon=&#8221;&#x24;||divi||400&#8243; button_on_hover=&#8221;off&#8221; custom_padding=&#8221;60px|50px|60px|50px|true|true&#8221; border_radii=&#8221;on|5px|5px|5px|5px&#8221; border_width_all=&#8221;1px&#8221; border_color_all=&#8221;#d8d8d8&#8243; form_background_color=&#8221;rgba(0,0,0,0)&#8221; global_colors_info=&#8221;{}&#8221; button_text_size__hover_enabled=&#8221;off&#8221; button_text_color__hover=&#8221;#ffffff&#8221; button_text_color__hover_enabled=&#8221;on&#8221; button_bg_color__hover=&#8221;#262626&#8243; button_bg_color__hover_enabled=&#8221;on&#8221; button_border_width__hover_enabled=&#8221;off&#8221; button_border_color__hover=&#8221;#262626&#8243; button_border_color__hover_enabled=&#8221;on&#8221; button_border_radius__hover_enabled=&#8221;off&#8221; button_letter_spacing__hover_enabled=&#8221;off&#8221; button_text_color_hover=&#8221;#ffffff&#8221; button_bg_color_hover=&#8221;#3FA2F7 &#8221; button_border_color_hover=&#8221;#3FA2F7 &#8222;][et_pb_contact_field field_id=&#8221;Name_2&#8243; field_title=&#8221;N\u00e9v&#8221; fullwidth_field=&#8221;on&#8221; _builder_version=&#8221;3.21.1&#8243; custom_margin=&#8221;||20px|&#8221; global_colors_info=&#8221;{}&#8221; button_text_size__hover_enabled=&#8221;off&#8221; button_one_text_size__hover_enabled=&#8221;off&#8221; button_two_text_size__hover_enabled=&#8221;off&#8221; button_text_color__hover_enabled=&#8221;off&#8221; button_one_text_color__hover_enabled=&#8221;off&#8221; button_two_text_color__hover_enabled=&#8221;off&#8221; button_border_width__hover_enabled=&#8221;off&#8221; button_one_border_width__hover_enabled=&#8221;off&#8221; button_two_border_width__hover_enabled=&#8221;off&#8221; button_border_color__hover_enabled=&#8221;off&#8221; button_one_border_color__hover_enabled=&#8221;off&#8221; button_two_border_color__hover_enabled=&#8221;off&#8221; button_border_radius__hover_enabled=&#8221;off&#8221; button_one_border_radius__hover_enabled=&#8221;off&#8221; button_two_border_radius__hover_enabled=&#8221;off&#8221; button_letter_spacing__hover_enabled=&#8221;off&#8221; button_one_letter_spacing__hover_enabled=&#8221;off&#8221; button_two_letter_spacing__hover_enabled=&#8221;off&#8221; button_bg_color__hover_enabled=&#8221;off&#8221; button_one_bg_color__hover_enabled=&#8221;off&#8221; button_two_bg_color__hover_enabled=&#8221;off&#8221;][\/et_pb_contact_field][et_pb_contact_field field_id=&#8221;Email&#8221; field_title=&#8221;Email c\u00edm&#8221; field_type=&#8221;email&#8221; fullwidth_field=&#8221;on&#8221; _builder_version=&#8221;3.21.1&#8243; custom_margin=&#8221;||20px|&#8221; global_colors_info=&#8221;{}&#8221; button_text_size__hover_enabled=&#8221;off&#8221; button_one_text_size__hover_enabled=&#8221;off&#8221; button_two_text_size__hover_enabled=&#8221;off&#8221; button_text_color__hover_enabled=&#8221;off&#8221; button_one_text_color__hover_enabled=&#8221;off&#8221; button_two_text_color__hover_enabled=&#8221;off&#8221; button_border_width__hover_enabled=&#8221;off&#8221; button_one_border_width__hover_enabled=&#8221;off&#8221; button_two_border_width__hover_enabled=&#8221;off&#8221; button_border_color__hover_enabled=&#8221;off&#8221; button_one_border_color__hover_enabled=&#8221;off&#8221; button_two_border_color__hover_enabled=&#8221;off&#8221; button_border_radius__hover_enabled=&#8221;off&#8221; button_one_border_radius__hover_enabled=&#8221;off&#8221; button_two_border_radius__hover_enabled=&#8221;off&#8221; button_letter_spacing__hover_enabled=&#8221;off&#8221; button_one_letter_spacing__hover_enabled=&#8221;off&#8221; button_two_letter_spacing__hover_enabled=&#8221;off&#8221; button_bg_color__hover_enabled=&#8221;off&#8221; button_one_bg_color__hover_enabled=&#8221;off&#8221; button_two_bg_color__hover_enabled=&#8221;off&#8221;][\/et_pb_contact_field][et_pb_contact_field field_id=&#8221;phone&#8221; field_title=&#8221;Telefonsz\u00e1m&#8221; field_type=&#8221;email&#8221; fullwidth_field=&#8221;on&#8221; _builder_version=&#8221;3.21.1&#8243; custom_margin=&#8221;||20px|&#8221; global_colors_info=&#8221;{}&#8221; button_text_size__hover_enabled=&#8221;off&#8221; button_one_text_size__hover_enabled=&#8221;off&#8221; button_two_text_size__hover_enabled=&#8221;off&#8221; button_text_color__hover_enabled=&#8221;off&#8221; button_one_text_color__hover_enabled=&#8221;off&#8221; button_two_text_color__hover_enabled=&#8221;off&#8221; button_border_width__hover_enabled=&#8221;off&#8221; button_one_border_width__hover_enabled=&#8221;off&#8221; button_two_border_width__hover_enabled=&#8221;off&#8221; button_border_color__hover_enabled=&#8221;off&#8221; button_one_border_color__hover_enabled=&#8221;off&#8221; button_two_border_color__hover_enabled=&#8221;off&#8221; button_border_radius__hover_enabled=&#8221;off&#8221; button_one_border_radius__hover_enabled=&#8221;off&#8221; button_two_border_radius__hover_enabled=&#8221;off&#8221; button_letter_spacing__hover_enabled=&#8221;off&#8221; button_one_letter_spacing__hover_enabled=&#8221;off&#8221; button_two_letter_spacing__hover_enabled=&#8221;off&#8221; button_bg_color__hover_enabled=&#8221;off&#8221; button_one_bg_color__hover_enabled=&#8221;off&#8221; button_two_bg_color__hover_enabled=&#8221;off&#8221;][\/et_pb_contact_field][et_pb_contact_field field_id=&#8221;Message&#8221; field_title=&#8221;\u00dczenet&#8221; field_type=&#8221;text&#8221; fullwidth_field=&#8221;on&#8221; _builder_version=&#8221;3.21.1&#8243; custom_margin=&#8221;||20px|&#8221; global_colors_info=&#8221;{}&#8221; button_text_size__hover_enabled=&#8221;off&#8221; button_one_text_size__hover_enabled=&#8221;off&#8221; button_two_text_size__hover_enabled=&#8221;off&#8221; button_text_color__hover_enabled=&#8221;off&#8221; button_one_text_color__hover_enabled=&#8221;off&#8221; button_two_text_color__hover_enabled=&#8221;off&#8221; button_border_width__hover_enabled=&#8221;off&#8221; button_one_border_width__hover_enabled=&#8221;off&#8221; button_two_border_width__hover_enabled=&#8221;off&#8221; button_border_color__hover_enabled=&#8221;off&#8221; button_one_border_color__hover_enabled=&#8221;off&#8221; button_two_border_color__hover_enabled=&#8221;off&#8221; button_border_radius__hover_enabled=&#8221;off&#8221; button_one_border_radius__hover_enabled=&#8221;off&#8221; button_two_border_radius__hover_enabled=&#8221;off&#8221; button_letter_spacing__hover_enabled=&#8221;off&#8221; button_one_letter_spacing__hover_enabled=&#8221;off&#8221; button_two_letter_spacing__hover_enabled=&#8221;off&#8221; button_bg_color__hover_enabled=&#8221;off&#8221; button_one_bg_color__hover_enabled=&#8221;off&#8221; button_two_bg_color__hover_enabled=&#8221;off&#8221;][\/et_pb_contact_field][\/et_pb_contact_form][\/et_pb_column][\/et_pb_section][et_pb_section fb_built=&#8221;1&#8243; _builder_version=&#8221;3.22.3&#8243; custom_padding=&#8221;0|0px|0|0px|false|false&#8221; global_colors_info=&#8221;{}&#8221;][et_pb_row use_custom_gutter=&#8221;on&#8221; gutter_width=&#8221;1&#8243; module_class=&#8221; et_pb_row_fullwidth&#8221; _builder_version=&#8221;3.25&#8243; width=&#8221;100%&#8221; width_tablet=&#8221;100%&#8221; width_phone=&#8221;&#8221; width_last_edited=&#8221;on|desktop&#8221; max_width=&#8221;100%&#8221; max_width_tablet=&#8221;100%&#8221; max_width_phone=&#8221;&#8221; max_width_last_edited=&#8221;on|desktop&#8221; custom_padding=&#8221;0|0px|0|0px|false|false&#8221; make_fullwidth=&#8221;on&#8221; global_colors_info=&#8221;{}&#8221;][et_pb_column type=&#8221;4_4&#8243; _builder_version=&#8221;3.25&#8243; custom_padding=&#8221;|||&#8221; global_colors_info=&#8221;{}&#8221; custom_padding__hover=&#8221;|||&#8221;][et_pb_image src=&#8221;https:\/\/cdn.hellowp.io\/wp-content\/uploads\/2019\/03\/company-2-lore2m.png&#8221; align=&#8221;center&#8221; align_tablet=&#8221;center&#8221; align_phone=&#8221;&#8221; align_last_edited=&#8221;on|desktop&#8221; _builder_version=&#8221;3.23&#8243; global_colors_info=&#8221;{}&#8221;][\/et_pb_image][\/et_pb_column][\/et_pb_row][\/et_pb_section]","protected":false},"excerpt":{"rendered":"<p>R\u00f3lunk \u00e9s a c\u00e9g\u00fcnkr\u0151l A tud\u00e1s m\u00e9rhet\u0151 &nbsp;110 \u00e9v tapasztalat az \u00f6nt\u00e9szetbenA csepeli \u00f6nt\u00f6d\u00e9t Weiss Manfred alap\u00edtotta 1911-ben, az\u00f3ta m\u0171k\u00f6dik jelenlegi telephely\u00e9n a csepeli ipari parkban. Az 1960-as \u00e9vek k\u00f6zep\u00e9ig f\u0151leg az ipari parkban tev\u00e9kenyked\u0151 konszern tagjak\u00e9nt a t\u00e1rsv\u00e1llalatok &#8211; szersz\u00e1mg\u00e9pgy\u00e1r, egyedi g\u00e9pgy\u00e1r, motorker\u00e9kp\u00e1rgy\u00e1r, cs\u0151gy\u00e1r &#8211; \u00f6ntv\u00e9nyig\u00e9nyeinek kiel\u00e9g\u00edt\u00e9se volt a feladata. 1966-t\u00f3l egy jelent\u0151s profilv\u00e1lt\u00e1st [&hellip;]<\/p>","protected":false},"author":1,"featured_media":0,"parent":0,"menu_order":0,"comment_status":"closed","ping_status":"closed","template":"","meta":{"_et_pb_use_builder":"on","_et_pb_old_content":"","_et_gb_content_width":"","footnotes":""},"class_list":["post-2767","page","type-page","status-publish","hentry"],"_links":{"self":[{"href":"https:\/\/weissmanfred.hu\/en\/wp-json\/wp\/v2\/pages\/2767","targetHints":{"allow":["GET"]}}],"collection":[{"href":"https:\/\/weissmanfred.hu\/en\/wp-json\/wp\/v2\/pages"}],"about":[{"href":"https:\/\/weissmanfred.hu\/en\/wp-json\/wp\/v2\/types\/page"}],"author":[{"embeddable":true,"href":"https:\/\/weissmanfred.hu\/en\/wp-json\/wp\/v2\/users\/1"}],"replies":[{"embeddable":true,"href":"https:\/\/weissmanfred.hu\/en\/wp-json\/wp\/v2\/comments?post=2767"}],"version-history":[{"count":10,"href":"https:\/\/weissmanfred.hu\/en\/wp-json\/wp\/v2\/pages\/2767\/revisions"}],"predecessor-version":[{"id":2799,"href":"https:\/\/weissmanfred.hu\/en\/wp-json\/wp\/v2\/pages\/2767\/revisions\/2799"}],"wp:attachment":[{"href":"https:\/\/weissmanfred.hu\/en\/wp-json\/wp\/v2\/media?parent=2767"}],"curies":[{"name":"wp","href":"https:\/\/api.w.org\/{rel}","templated":true}]}}