{"id":2163,"date":"2021-11-05T12:21:13","date_gmt":"2021-11-05T12:21:13","guid":{"rendered":"https:\/\/csepelmetall.net\/?page_id=2163"},"modified":"2021-11-05T12:21:18","modified_gmt":"2021-11-05T12:21:18","slug":"hulladek-hasznositasi-es-kornyezetvedelmi-engedely-hatarozat","status":"publish","type":"page","link":"https:\/\/weissmanfred.hu\/en\/hulladek-hasznositasi-es-kornyezetvedelmi-engedely-hatarozat\/","title":{"rendered":"Hullad\u00e9k hasznos\u00edt\u00e1si \u00e9s k\u00f6rnyezetv\u00e9delmi enged\u00e9ly hat\u00e1rozat"},"content":{"rendered":"<figure class=\"wp-block-image size-large\"><img loading=\"lazy\" decoding=\"async\" width=\"724\" height=\"1024\" src=\"https:\/\/weissmanfred.hu\/wp-content\/uploads\/2021\/11\/hatarozat-724x1024.jpg\" alt=\"\" class=\"wp-image-2236\"\/><\/figure>","protected":false},"excerpt":{"rendered":"","protected":false},"author":1,"featured_media":0,"parent":0,"menu_order":0,"comment_status":"closed","ping_status":"closed","template":"","meta":{"_et_pb_use_builder":"off","_et_pb_old_content":"","_et_gb_content_width":"","footnotes":""},"class_list":["post-2163","page","type-page","status-publish","hentry"],"_links":{"self":[{"href":"https:\/\/weissmanfred.hu\/en\/wp-json\/wp\/v2\/pages\/2163","targetHints":{"allow":["GET"]}}],"collection":[{"href":"https:\/\/weissmanfred.hu\/en\/wp-json\/wp\/v2\/pages"}],"about":[{"href":"https:\/\/weissmanfred.hu\/en\/wp-json\/wp\/v2\/types\/page"}],"author":[{"embeddable":true,"href":"https:\/\/weissmanfred.hu\/en\/wp-json\/wp\/v2\/users\/1"}],"replies":[{"embeddable":true,"href":"https:\/\/weissmanfred.hu\/en\/wp-json\/wp\/v2\/comments?post=2163"}],"version-history":[{"count":3,"href":"https:\/\/weissmanfred.hu\/en\/wp-json\/wp\/v2\/pages\/2163\/revisions"}],"predecessor-version":[{"id":2239,"href":"https:\/\/weissmanfred.hu\/en\/wp-json\/wp\/v2\/pages\/2163\/revisions\/2239"}],"wp:attachment":[{"href":"https:\/\/weissmanfred.hu\/en\/wp-json\/wp\/v2\/media?parent=2163"}],"curies":[{"name":"wp","href":"https:\/\/api.w.org\/{rel}","templated":true}]}}