{"id":2767,"date":"2022-02-28T20:36:04","date_gmt":"2022-02-28T20:36:04","guid":{"rendered":"https:\/\/weissmanfred.hu\/rolunk\/"},"modified":"2022-03-01T12:52:30","modified_gmt":"2022-03-01T12:52:30","slug":"rolunk-3","status":"publish","type":"page","link":"https:\/\/weissmanfred.hu\/de\/rolunk-3\/","title":{"rendered":"About us"},"content":{"rendered":"[et_pb_section fb_built=&#8221;1&#8243; _builder_version=&#8221;4.11.3&#8243; background_image=&#8221;https:\/\/weissmanfred.hu\/wp-content\/uploads\/2021\/10\/regi-csepel-muvek.jpg&#8221; custom_padding=&#8221;35px|0px|17px|0px|false|false&#8221; hover_transition_duration=&#8221;150ms&#8221; global_colors_info=&#8221;{}&#8221;][et_pb_row _builder_version=&#8221;3.25&#8243; custom_padding=&#8221;27px|0px|0|0px|false|false&#8221; global_colors_info=&#8221;{}&#8221;][et_pb_column type=&#8221;4_4&#8243; _builder_version=&#8221;3.25&#8243; custom_padding=&#8221;|||&#8221; global_colors_info=&#8221;{}&#8221; custom_padding__hover=&#8221;|||&#8221;][et_pb_text _builder_version=&#8221;3.27.4&#8243; text_font=&#8221;||||||||&#8221; text_text_color=&#8221;#cc2002&#8243; text_font_size=&#8221;20px&#8221; header_font=&#8221;||||||||&#8221; header_text_color=&#8221;#ffffff&#8221; header_font_size=&#8221;45px&#8221; global_colors_info=&#8221;{}&#8221;]<h1>\u00dcber uns und unser Unternehmen<\/h1>\n<p>Wissen ist messbar<\/p>\n<p>&nbsp;<\/p>[\/et_pb_text][\/et_pb_column][\/et_pb_row][\/et_pb_section][et_pb_section fb_built=&#8221;1&#8243; _builder_version=&#8221;3.22.3&#8243; min_height=&#8221;1349.8px&#8221; custom_margin=&#8221;||-59px|||&#8221; custom_padding=&#8221;1px|0px|54px|0px|false|false&#8221; global_colors_info=&#8221;{}&#8221;][et_pb_row column_structure=&#8221;1_2,1_2&#8243; _builder_version=&#8221;3.25&#8243; global_colors_info=&#8221;{}&#8221;][et_pb_column type=&#8221;1_2&#8243; _builder_version=&#8221;3.25&#8243; custom_padding=&#8221;|||&#8221; global_colors_info=&#8221;{}&#8221; custom_padding__hover=&#8221;|||&#8221;][et_pb_text admin_label=&#8221;Text h1 header&#8221; _builder_version=&#8221;4.11.3&#8243; header_font=&#8221;|700|||||||&#8221; header_font_size=&#8221;35px&#8221; custom_margin=&#8221;||20px|&#8221; header_font_size_tablet=&#8221;33px&#8221; header_font_size_phone=&#8221;27px&#8221; header_font_size_last_edited=&#8221;on|phone&#8221; global_colors_info=&#8221;{}&#8221;]<h2>110 Jahre Erfahrung in Gie\u00dferei<\/h2>[\/et_pb_text][et_pb_text _builder_version=&#8221;3.27.4&#8243; global_colors_info=&#8221;{}&#8221;]<p>Die Gie\u00dferei in Csepel wurde 1911 von Weiss Manfred gegr\u00fcndet und arbeitet seitdem am heutigen Standort im Industriepark in Csepel. Bis Mitte der 1960er Jahre bestand seine Aufgabe als Mitglied der Gruppe, die haupts\u00e4chlich im Industriepark t\u00e4tig war, darin, den Gussbedarf der verbundenen Unternehmen \u2013 Werkzeugmaschinenfabrik, Sondermaschinenfabrik, Motorradfabrik, Rohrfabrik \u2013 zu befriedigen.<\/p>\n<p>Ab 1966, mit einer gro\u00dfen Profilver\u00e4nderung, war die Hauptproduktlinie die Herstellung von Automobilgussteilen, haupts\u00e4chlich ein Sechszylinder-Motorblock, der unter deutscher MAN-Lizenz hergestellt wurde, aber die fr\u00fcheren Profile wurden beibehalten.<\/p>\n<p>Von dieser Zeit bis Anfang der 1990er Jahre entwickelte sie sich zu Ungarns gr\u00f6\u00dfter On-site-Gie\u00dferei: mit einer Jahresproduktion von 35.000 Tonnen Blech- und Sph\u00e4roguss, 5.000 Tonnen Stahlguss und 1.000 Tonnen Feinguss.<\/p>\n<p>Die meisten neuen Verfahren in diesem Bereich wurden hier zum ersten Mal in Ungarn\neingef\u00fchrt, und ab 1978 wurde auch die Meehanite-Lizenz, die als Vorl\u00e4ufer der\nheutigen Qualit\u00e4tssicherungssysteme gilt, in Betrieb genommen.<\/p>\n<p>Fr\u00fchere M\u00e4rkte brachen Anfang der 1990er Jahre zusammen, was einen erheblichen Kapazit\u00e4tsabbau und ein stabileres Marktumfeld erforderlich machte. 1995 wurde die Gie\u00dferei von Universal Automotive Inc (IL) in den Vereinigten Staaten privatisiert. Bis 2004 war das Unternehmen im Besitz der USA, seitdem ist es wieder im Besitz Ungarns.<\/p>\n<p>Der alleinige Eigent\u00fcmer, Dr. J\u00f3zsef Sohajda, war viele Jahre Pr\u00e4sident des ungarischen Gie\u00dfereiverbandes und ist ein anerkannter Praktiker in der Gie\u00dfereitechnik an Universit\u00e4ten.<\/p>\n<p>Die Gie\u00dferei hat sich in den letzten Jahrzehnten auf die Herstellung von komplexen, kernreichen Blech- und Sph\u00e4rogussteilen spezialisiert. Dabei spezialisieren wir uns seit 2003 auf die Herstellung von Gussteilen f\u00fcr Pumpen und Werkzeugmaschinen.<\/p>\n<p>Dementsprechend hat sich ein gut ausgebildetes Team aus Ingenieuren und Facharbeitern mit langj\u00e4hriger Fertigungserfahrung entwickelt. Dies erm\u00f6glicht uns, auf den M\u00e4rkten der EU und der USA pr\u00e4sent zu sein, die jetzt unseren Verkauf dominieren.<\/p>\n<blockquote>\n<p>Das Unternehmen verbessert st\u00e4ndig seine Produktions- und Arbeitsbedingungen. Die wichtigsten Investitionen der letzten Jahre sind:<\/p>\n<ul>\n<li>2011: Einf\u00fchrung eines neuen integrierten Corporate-Governance-Systems<\/li>\n<li>2012: Bau eines neuen Musterlagers, Umbau eines B\u00fcrogeb\u00e4udes<\/li>\n<li>2013: Inbetriebnahme eines neuen Materialpr\u00fcflabors<\/li>\n<li>2015: Installation eines neuen Ofens<\/li>\n<li>2021: Neues Sandregenerationssystem<\/li>\n<li>2021: Neuer mobiler Scanner<\/li>\n<\/ul>\n<\/blockquote>\n<p>&nbsp;<\/p>\n<p>&nbsp;<\/p>[\/et_pb_text][\/et_pb_column][et_pb_column type=&#8221;1_2&#8243; _builder_version=&#8221;3.25&#8243; custom_padding=&#8221;|||&#8221; global_colors_info=&#8221;{}&#8221; custom_padding__hover=&#8221;|||&#8221;][et_pb_image src=&#8221;https:\/\/weissmanfred.hu\/wp-content\/uploads\/2021\/10\/tortenet1.jpg&#8221; title_text=&#8221;tortenet1&#8243; align_tablet=&#8221;center&#8221; align_phone=&#8221;&#8221; align_last_edited=&#8221;on|desktop&#8221; _builder_version=&#8221;4.11.3&#8243; global_colors_info=&#8221;{}&#8221;][\/et_pb_image][et_pb_image src=&#8221;https:\/\/weissmanfred.hu\/wp-content\/uploads\/2021\/10\/weissManfred.jpg&#8221; title_text=&#8221;weissManfr\u00e9d&#8221; align_tablet=&#8221;center&#8221; align_phone=&#8221;&#8221; align_last_edited=&#8221;on|desktop&#8221; _builder_version=&#8221;4.11.3&#8243; global_colors_info=&#8221;{}&#8221;][\/et_pb_image][et_pb_image src=&#8221;https:\/\/weissmanfred.hu\/wp-content\/uploads\/2021\/09\/uzem1-1.jpg&#8221; title_text=&#8221;uzem1-1&#8243; align_tablet=&#8221;center&#8221; align_phone=&#8221;&#8221; align_last_edited=&#8221;on|desktop&#8221; _builder_version=&#8221;4.11.3&#8243; global_colors_info=&#8221;{}&#8221;][\/et_pb_image][et_pb_image src=&#8221;https:\/\/weissmanfred.hu\/wp-content\/uploads\/2021\/10\/csepel-ipari-park.jpg&#8221; title_text=&#8221;csepel ipari park&#8221; align_tablet=&#8221;center&#8221; align_phone=&#8221;&#8221; align_last_edited=&#8221;on|desktop&#8221; _builder_version=&#8221;4.11.3&#8243; global_colors_info=&#8221;{}&#8221;][\/et_pb_image][\/et_pb_column][\/et_pb_row][\/et_pb_section][et_pb_section fb_built=&#8221;1&#8243; _builder_version=&#8221;3.22.3&#8243; use_background_color_gradient=&#8221;on&#8221; background_color_gradient_start=&#8221;#ffffff&#8221; background_color_gradient_end=&#8221;#f4f4f4&#8243; background_color_gradient_start_position=&#8221;47%&#8221; background_color_gradient_end_position=&#8221;0%&#8221; custom_margin=&#8221;70px|||||&#8221; custom_padding=&#8221;0|0px|65px|0px|false|false&#8221; global_colors_info=&#8221;{}&#8221;][et_pb_row _builder_version=&#8221;3.25&#8243; custom_padding=&#8221;0|0px|3px|0px|false|false&#8221; global_colors_info=&#8221;{}&#8221;][et_pb_column type=&#8221;4_4&#8243; _builder_version=&#8221;3.25&#8243; custom_padding=&#8221;|||&#8221; global_colors_info=&#8221;{}&#8221; custom_padding__hover=&#8221;|||&#8221;][et_pb_text _builder_version=&#8221;4.11.3&#8243; text_font=&#8221;Muli||||||||&#8221; text_text_color=&#8221;#5499D4&#8243; text_font_size=&#8221;16px&#8221; header_font=&#8221;Poppins|700||on|||||&#8221; header_text_align=&#8221;center&#8221; header_text_color=&#8221;#262626&#8243; header_font_size=&#8221;35px&#8221; header_line_height=&#8221;1.3em&#8221; header_font_size_tablet=&#8221;&#8221; header_font_size_phone=&#8221;25px&#8221; header_font_size_last_edited=&#8221;on|desktop&#8221; global_colors_info=&#8221;{}&#8221;]<h2 style=\"text-align: center;\"><strong>Unser Ziel ist es, der Lieferant Nummer eins f\u00fcr unsere Kunden zu sein.<\/strong><\/h2>[\/et_pb_text][et_pb_text _builder_version=&#8221;4.11.3&#8243; text_font=&#8221;Muli||||||||&#8221; text_text_color=&#8221;#000000&#8243; text_font_size=&#8221;16px&#8221; text_line_height=&#8221;1.8em&#8221; header_font=&#8221;Muli|700|||||||&#8221; header_text_color=&#8221;#297FCA&#8221; header_line_height=&#8221;1.3em&#8221; text_orientation=&#8221;center&#8221; width=&#8221;100%&#8221; max_width=&#8221;69%&#8221; max_width_tablet=&#8221;&#8221; max_width_phone=&#8221;98%&#8221; max_width_last_edited=&#8221;on|desktop&#8221; module_alignment=&#8221;center&#8221; custom_margin=&#8221;-11px||||false|false&#8221; global_colors_info=&#8221;{}&#8221;]<h5 style=\"text-align: center;\"><strong>Wir bieten unseren Kunden einen Full-Service von der Probenvorbereitung bis zur Bearbeitung.<\/strong><\/h5>\n<p>&nbsp;<\/p>[\/et_pb_text][et_pb_divider divider_weight=&#8221;2px&#8221; _builder_version=&#8221;3.21.1&#8243; max_width=&#8221;120px&#8221; module_alignment=&#8221;center&#8221; custom_margin=&#8221;-8px||&#8221; global_colors_info=&#8221;{}&#8221;][\/et_pb_divider][\/et_pb_column][\/et_pb_row][\/et_pb_section][et_pb_section fb_built=&#8221;1&#8243; specialty=&#8221;on&#8221; custom_padding_last_edited=&#8221;off|desktop&#8221; admin_label=&#8221;Footer&#8221; _builder_version=&#8221;3.22.3&#8243; background_color_gradient_direction=&#8221;90deg&#8221; custom_padding=&#8221;0|0px|0|0px|true|false&#8221; custom_padding_phone=&#8221;50px||50px||true&#8221; saved_tabs=&#8221;all&#8221; global_colors_info=&#8221;{}&#8221;][et_pb_column type=&#8221;1_2&#8243; specialty_columns=&#8221;2&#8243; _builder_version=&#8221;3.25&#8243; custom_padding=&#8221;|||&#8221; global_colors_info=&#8221;{}&#8221; custom_padding__hover=&#8221;|||&#8221;][et_pb_row_inner make_equal=&#8221;on&#8221; _builder_version=&#8221;4.11.3&#8243; global_colors_info=&#8221;{}&#8221;][et_pb_column_inner saved_specialty_column_type=&#8221;1_2&#8243; _builder_version=&#8221;3.25&#8243; custom_padding=&#8221;|||&#8221; global_colors_info=&#8221;{}&#8221; custom_padding__hover=&#8221;|||&#8221;][et_pb_text admin_label=&#8221;1&#8243; _builder_version=&#8221;4.11.3&#8243; header_2_font=&#8221;Poppins|700||on|||||&#8221; header_2_text_color=&#8221;#262626&#8243; header_2_font_size=&#8221;60px&#8221; header_2_letter_spacing=&#8221;1px&#8221; header_2_line_height=&#8221;1.3em&#8221; header_6_font=&#8221;Poppins|||on|||||&#8221; header_6_text_color=&#8221;#cc2002&#8243; header_6_font_size=&#8221;16px&#8221; header_6_letter_spacing=&#8221;2px&#8221; header_6_line_height=&#8221;1.8em&#8221; background_layout=&#8221;dark&#8221; custom_margin=&#8221;|||&#8221; custom_padding=&#8221;|||&#8221; header_2_font_size_tablet=&#8221;&#8221; header_2_font_size_phone=&#8221;25px&#8221; header_2_font_size_last_edited=&#8221;on|phone&#8221; header_6_letter_spacing_tablet=&#8221;&#8221; header_6_letter_spacing_phone=&#8221;0px&#8221; header_6_letter_spacing_last_edited=&#8221;on|desktop&#8221; locked=&#8221;off&#8221; global_colors_info=&#8221;{}&#8221;]<h6>Weiss Manfr\u00e9d Holding Kft <\/h6>\n<h2>Rufen Sie uns an!<\/h2>[\/et_pb_text][\/et_pb_column_inner][\/et_pb_row_inner][et_pb_row_inner column_structure=&#8221;1_2,1_2&#8243; _builder_version=&#8221;3.25&#8243; custom_padding=&#8221;|||&#8221; global_colors_info=&#8221;{}&#8221;][et_pb_column_inner type=&#8221;1_2&#8243; saved_specialty_column_type=&#8221;1_2&#8243; _builder_version=&#8221;3.25&#8243; custom_padding=&#8221;|||&#8221; global_colors_info=&#8221;{}&#8221; custom_padding__hover=&#8221;|||&#8221;][et_pb_blurb title=&#8221;EMAIL&#8221; image=&#8221;https:\/\/cdn.hellowp.io\/wp-content\/uploads\/2019\/03\/company-23-1.png&#8221; icon_placement=&#8221;left&#8221; image_icon_width=&#8221;27px&#8221; _builder_version=&#8221;4.13.0&#8243; header_font=&#8221;Poppins|700||on|||||&#8221; header_text_color=&#8221;#262626&#8243; header_font_size=&#8221;16px&#8221; header_line_height=&#8221;1.2em&#8221; body_font=&#8221;Muli||||||||&#8221; body_text_color=&#8221;#000000&#8243; body_font_size=&#8221;16px&#8221; body_line_height=&#8221;1.8em&#8221; background_layout=&#8221;dark&#8221; animation=&#8221;off&#8221; image_max_width=&#8221;27px&#8221; global_colors_info=&#8221;{}&#8221;]<p><a href=\"mailto:arpad.nagy@weissmanfred.hu\">arpad.nagy@weissmanfred.hu<\/a><\/p>\n<p><a href=\"mailto:laszlo.erseki@weissmanfred.hu\">laszlo.erseki@weissmanfred.hu<\/a><\/p>\n<p>&nbsp;<\/p>\n<h3>Unser Ziel ist es, der Lieferant Nummer eins f\u00fcr unsere Kunden zu sein.<\/h3>[\/et_pb_blurb][et_pb_blurb title=&#8221;Telefonsz\u00e1m&#8221; image=&#8221;https:\/\/weissmanfred.hu\/wp-content\/uploads\/2021\/10\/company-23-2.png&#8221; icon_placement=&#8221;left&#8221; image_icon_width=&#8221;27px&#8221; _builder_version=&#8221;4.13.0&#8243; header_font=&#8221;Poppins|700||on|||||&#8221; header_text_color=&#8221;#262626&#8243; header_font_size=&#8221;16px&#8221; header_line_height=&#8221;1.2em&#8221; body_font=&#8221;Muli||||||||&#8221; body_text_color=&#8221;#000000&#8243; body_font_size=&#8221;16px&#8221; body_line_height=&#8221;1.8em&#8221; background_layout=&#8221;dark&#8221; custom_margin=&#8221;54px||&#8221; custom_margin_tablet=&#8221;&#8221; custom_margin_phone=&#8221;0px||&#8221; custom_margin_last_edited=&#8221;on|desktop&#8221; animation=&#8221;off&#8221; image_max_width=&#8221;27px&#8221; locked=&#8221;off&#8221; global_colors_info=&#8221;{}&#8221;]<p><span>06-(1) 276 0043<\/span><\/p>\n<p><span>06-(1) 276 1062<\/span><\/p>\n<p><span><\/span><\/p>\n<p><span><\/span><\/p>[\/et_pb_blurb][\/et_pb_column_inner][et_pb_column_inner type=&#8221;1_2&#8243; saved_specialty_column_type=&#8221;1_2&#8243; _builder_version=&#8221;3.25&#8243; custom_padding=&#8221;|||&#8221; global_colors_info=&#8221;{}&#8221; custom_padding__hover=&#8221;|||&#8221;][et_pb_blurb title=&#8221;C\u00edm\u00fcnk&#8221; image=&#8221;https:\/\/weissmanfred.hu\/wp-content\/uploads\/2021\/10\/company-23-3.png&#8221; icon_placement=&#8221;left&#8221; image_icon_width=&#8221;27px&#8221; _builder_version=&#8221;4.13.0&#8243; header_font=&#8221;Poppins|700||on|||||&#8221; header_text_color=&#8221;#262626&#8243; header_font_size=&#8221;16px&#8221; header_line_height=&#8221;1.2em&#8221; body_font=&#8221;Muli||||||||&#8221; body_text_color=&#8221;#000000&#8243; body_font_size=&#8221;16px&#8221; body_line_height=&#8221;1.8em&#8221; background_layout=&#8221;dark&#8221; animation=&#8221;off&#8221; image_max_width=&#8221;27px&#8221; locked=&#8221;off&#8221; global_colors_info=&#8221;{}&#8221;]<p><span>1211 Budapest, \u00d6nt\u00f6de utca 2-12.<\/span><\/p>\n<p><span><strong>B\u00fcro<\/strong> 1211 Budapest, Eszterg\u00e1lyos u. 10. (bei Ecke Homok Stra\u00dfe)<\/span><\/p>\n<p><span><strong>Wird geladen:<\/strong> 1211 Budapest, D\u00e9zsa u. 4.<\/span><\/p>[\/et_pb_blurb][\/et_pb_column_inner][\/et_pb_row_inner][et_pb_row_inner _builder_version=&#8221;3.25&#8243; custom_margin=&#8221;30px|||&#8221; custom_padding=&#8221;25px|0px|19px|0px|false|false&#8221; border_width_top=&#8221;1px&#8221; border_color_top=&#8221;#e2e2e2&#8243; border_width_bottom=&#8221;1px&#8221; border_color_bottom=&#8221;#e2e2e2&#8243; global_colors_info=&#8221;{}&#8221;][et_pb_column_inner saved_specialty_column_type=&#8221;1_2&#8243; _builder_version=&#8221;3.25&#8243; custom_padding=&#8221;|||&#8221; global_colors_info=&#8221;{}&#8221; custom_padding__hover=&#8221;|||&#8221;][\/et_pb_column_inner][\/et_pb_row_inner][\/et_pb_column][et_pb_column type=&#8221;1_2&#8243; _builder_version=&#8221;3.25&#8243; custom_padding=&#8221;|||&#8221; global_colors_info=&#8221;{}&#8221; custom_padding__hover=&#8221;|||&#8221;][et_pb_contact_form captcha=&#8221;off&#8221; submit_button_text=&#8221;\u00dcZENET ELK\u00dcLD\u00c9SE&#8221; module_id=&#8221;et_pb_contact_form_0&#8243; _builder_version=&#8221;4.13.1&#8243; _unique_id=&#8221;b2455fb4-dbd4-4086-9838-41b676683ecb&#8221; form_field_background_color=&#8221;rgba(0,0,0,0)&#8221; form_field_text_color=&#8221;#000000&#8243; form_field_font=&#8221;Muli||||||||&#8221; form_field_font_size=&#8221;16px&#8221; form_field_line_height=&#8221;1.8em&#8221; background_color=&#8221;#f7f7f7&#8243; custom_button=&#8221;on&#8221; button_text_size=&#8221;15px&#8221; button_text_color=&#8221;#ffffff&#8221; button_bg_color=&#8221;#cc2002&#8243; button_border_width=&#8221;9px&#8221; button_border_color=&#8221;#cc2002&#8243; button_border_radius=&#8221;100px&#8221; button_font=&#8221;Poppins|600|||||||&#8221; button_icon=&#8221;&#x24;||divi||400&#8243; button_on_hover=&#8221;off&#8221; custom_padding=&#8221;60px|50px|60px|50px|true|true&#8221; border_radii=&#8221;on|5px|5px|5px|5px&#8221; border_width_all=&#8221;1px&#8221; border_color_all=&#8221;#d8d8d8&#8243; form_background_color=&#8221;rgba(0,0,0,0)&#8221; global_colors_info=&#8221;{}&#8221; button_text_size__hover_enabled=&#8221;off&#8221; button_text_color__hover=&#8221;#ffffff&#8221; button_text_color__hover_enabled=&#8221;on&#8221; button_bg_color__hover=&#8221;#262626&#8243; button_bg_color__hover_enabled=&#8221;on&#8221; button_border_width__hover_enabled=&#8221;off&#8221; button_border_color__hover=&#8221;#262626&#8243; button_border_color__hover_enabled=&#8221;on&#8221; button_border_radius__hover_enabled=&#8221;off&#8221; button_letter_spacing__hover_enabled=&#8221;off&#8221; button_text_color_hover=&#8221;#ffffff&#8221; button_bg_color_hover=&#8221;#3FA2F7 &#8221; button_border_color_hover=&#8221;#3FA2F7 &#8222;][et_pb_contact_field field_id=&#8221;Name_2&#8243; field_title=&#8221;N\u00e9v&#8221; fullwidth_field=&#8221;on&#8221; _builder_version=&#8221;3.21.1&#8243; custom_margin=&#8221;||20px|&#8221; global_colors_info=&#8221;{}&#8221; button_text_size__hover_enabled=&#8221;off&#8221; button_one_text_size__hover_enabled=&#8221;off&#8221; button_two_text_size__hover_enabled=&#8221;off&#8221; button_text_color__hover_enabled=&#8221;off&#8221; button_one_text_color__hover_enabled=&#8221;off&#8221; button_two_text_color__hover_enabled=&#8221;off&#8221; button_border_width__hover_enabled=&#8221;off&#8221; button_one_border_width__hover_enabled=&#8221;off&#8221; button_two_border_width__hover_enabled=&#8221;off&#8221; button_border_color__hover_enabled=&#8221;off&#8221; button_one_border_color__hover_enabled=&#8221;off&#8221; button_two_border_color__hover_enabled=&#8221;off&#8221; button_border_radius__hover_enabled=&#8221;off&#8221; button_one_border_radius__hover_enabled=&#8221;off&#8221; button_two_border_radius__hover_enabled=&#8221;off&#8221; button_letter_spacing__hover_enabled=&#8221;off&#8221; button_one_letter_spacing__hover_enabled=&#8221;off&#8221; button_two_letter_spacing__hover_enabled=&#8221;off&#8221; button_bg_color__hover_enabled=&#8221;off&#8221; button_one_bg_color__hover_enabled=&#8221;off&#8221; button_two_bg_color__hover_enabled=&#8221;off&#8221;][\/et_pb_contact_field][et_pb_contact_field field_id=&#8221;Email&#8221; field_title=&#8221;Email c\u00edm&#8221; field_type=&#8221;email&#8221; fullwidth_field=&#8221;on&#8221; _builder_version=&#8221;3.21.1&#8243; custom_margin=&#8221;||20px|&#8221; global_colors_info=&#8221;{}&#8221; button_text_size__hover_enabled=&#8221;off&#8221; button_one_text_size__hover_enabled=&#8221;off&#8221; button_two_text_size__hover_enabled=&#8221;off&#8221; button_text_color__hover_enabled=&#8221;off&#8221; button_one_text_color__hover_enabled=&#8221;off&#8221; button_two_text_color__hover_enabled=&#8221;off&#8221; button_border_width__hover_enabled=&#8221;off&#8221; button_one_border_width__hover_enabled=&#8221;off&#8221; button_two_border_width__hover_enabled=&#8221;off&#8221; button_border_color__hover_enabled=&#8221;off&#8221; button_one_border_color__hover_enabled=&#8221;off&#8221; button_two_border_color__hover_enabled=&#8221;off&#8221; button_border_radius__hover_enabled=&#8221;off&#8221; button_one_border_radius__hover_enabled=&#8221;off&#8221; button_two_border_radius__hover_enabled=&#8221;off&#8221; button_letter_spacing__hover_enabled=&#8221;off&#8221; button_one_letter_spacing__hover_enabled=&#8221;off&#8221; button_two_letter_spacing__hover_enabled=&#8221;off&#8221; button_bg_color__hover_enabled=&#8221;off&#8221; button_one_bg_color__hover_enabled=&#8221;off&#8221; button_two_bg_color__hover_enabled=&#8221;off&#8221;][\/et_pb_contact_field][et_pb_contact_field field_id=&#8221;phone&#8221; field_title=&#8221;Telefonsz\u00e1m&#8221; field_type=&#8221;email&#8221; fullwidth_field=&#8221;on&#8221; _builder_version=&#8221;3.21.1&#8243; custom_margin=&#8221;||20px|&#8221; global_colors_info=&#8221;{}&#8221; button_text_size__hover_enabled=&#8221;off&#8221; button_one_text_size__hover_enabled=&#8221;off&#8221; button_two_text_size__hover_enabled=&#8221;off&#8221; button_text_color__hover_enabled=&#8221;off&#8221; button_one_text_color__hover_enabled=&#8221;off&#8221; button_two_text_color__hover_enabled=&#8221;off&#8221; button_border_width__hover_enabled=&#8221;off&#8221; button_one_border_width__hover_enabled=&#8221;off&#8221; button_two_border_width__hover_enabled=&#8221;off&#8221; button_border_color__hover_enabled=&#8221;off&#8221; button_one_border_color__hover_enabled=&#8221;off&#8221; button_two_border_color__hover_enabled=&#8221;off&#8221; button_border_radius__hover_enabled=&#8221;off&#8221; button_one_border_radius__hover_enabled=&#8221;off&#8221; button_two_border_radius__hover_enabled=&#8221;off&#8221; button_letter_spacing__hover_enabled=&#8221;off&#8221; button_one_letter_spacing__hover_enabled=&#8221;off&#8221; button_two_letter_spacing__hover_enabled=&#8221;off&#8221; button_bg_color__hover_enabled=&#8221;off&#8221; button_one_bg_color__hover_enabled=&#8221;off&#8221; button_two_bg_color__hover_enabled=&#8221;off&#8221;][\/et_pb_contact_field][et_pb_contact_field field_id=&#8221;Message&#8221; field_title=&#8221;\u00dczenet&#8221; field_type=&#8221;text&#8221; fullwidth_field=&#8221;on&#8221; _builder_version=&#8221;3.21.1&#8243; custom_margin=&#8221;||20px|&#8221; global_colors_info=&#8221;{}&#8221; button_text_size__hover_enabled=&#8221;off&#8221; button_one_text_size__hover_enabled=&#8221;off&#8221; button_two_text_size__hover_enabled=&#8221;off&#8221; button_text_color__hover_enabled=&#8221;off&#8221; button_one_text_color__hover_enabled=&#8221;off&#8221; button_two_text_color__hover_enabled=&#8221;off&#8221; button_border_width__hover_enabled=&#8221;off&#8221; button_one_border_width__hover_enabled=&#8221;off&#8221; button_two_border_width__hover_enabled=&#8221;off&#8221; button_border_color__hover_enabled=&#8221;off&#8221; button_one_border_color__hover_enabled=&#8221;off&#8221; button_two_border_color__hover_enabled=&#8221;off&#8221; button_border_radius__hover_enabled=&#8221;off&#8221; button_one_border_radius__hover_enabled=&#8221;off&#8221; button_two_border_radius__hover_enabled=&#8221;off&#8221; button_letter_spacing__hover_enabled=&#8221;off&#8221; button_one_letter_spacing__hover_enabled=&#8221;off&#8221; button_two_letter_spacing__hover_enabled=&#8221;off&#8221; button_bg_color__hover_enabled=&#8221;off&#8221; button_one_bg_color__hover_enabled=&#8221;off&#8221; button_two_bg_color__hover_enabled=&#8221;off&#8221;][\/et_pb_contact_field][\/et_pb_contact_form][\/et_pb_column][\/et_pb_section][et_pb_section fb_built=&#8221;1&#8243; _builder_version=&#8221;3.22.3&#8243; custom_padding=&#8221;0|0px|0|0px|false|false&#8221; global_colors_info=&#8221;{}&#8221;][et_pb_row use_custom_gutter=&#8221;on&#8221; gutter_width=&#8221;1&#8243; module_class=&#8221; et_pb_row_fullwidth&#8221; _builder_version=&#8221;3.25&#8243; width=&#8221;100%&#8221; width_tablet=&#8221;100%&#8221; width_phone=&#8221;&#8221; width_last_edited=&#8221;on|desktop&#8221; max_width=&#8221;100%&#8221; max_width_tablet=&#8221;100%&#8221; max_width_phone=&#8221;&#8221; max_width_last_edited=&#8221;on|desktop&#8221; custom_padding=&#8221;0|0px|0|0px|false|false&#8221; make_fullwidth=&#8221;on&#8221; global_colors_info=&#8221;{}&#8221;][et_pb_column type=&#8221;4_4&#8243; _builder_version=&#8221;3.25&#8243; custom_padding=&#8221;|||&#8221; global_colors_info=&#8221;{}&#8221; custom_padding__hover=&#8221;|||&#8221;][et_pb_image src=&#8221;https:\/\/cdn.hellowp.io\/wp-content\/uploads\/2019\/03\/company-2-lore2m.png&#8221; align=&#8221;center&#8221; align_tablet=&#8221;center&#8221; align_phone=&#8221;&#8221; align_last_edited=&#8221;on|desktop&#8221; _builder_version=&#8221;3.23&#8243; global_colors_info=&#8221;{}&#8221;][\/et_pb_image][\/et_pb_column][\/et_pb_row][\/et_pb_section]","protected":false},"excerpt":{"rendered":"<p>R\u00f3lunk \u00e9s a c\u00e9g\u00fcnkr\u0151l A tud\u00e1s m\u00e9rhet\u0151 &nbsp;110 \u00e9v tapasztalat az \u00f6nt\u00e9szetbenA csepeli \u00f6nt\u00f6d\u00e9t Weiss Manfred alap\u00edtotta 1911-ben, az\u00f3ta m\u0171k\u00f6dik jelenlegi telephely\u00e9n a csepeli ipari parkban. Az 1960-as \u00e9vek k\u00f6zep\u00e9ig f\u0151leg az ipari parkban tev\u00e9kenyked\u0151 konszern tagjak\u00e9nt a t\u00e1rsv\u00e1llalatok &#8211; szersz\u00e1mg\u00e9pgy\u00e1r, egyedi g\u00e9pgy\u00e1r, motorker\u00e9kp\u00e1rgy\u00e1r, cs\u0151gy\u00e1r &#8211; \u00f6ntv\u00e9nyig\u00e9nyeinek kiel\u00e9g\u00edt\u00e9se volt a feladata. 1966-t\u00f3l egy jelent\u0151s profilv\u00e1lt\u00e1st [&hellip;]<\/p>","protected":false},"author":1,"featured_media":0,"parent":0,"menu_order":0,"comment_status":"closed","ping_status":"closed","template":"","meta":{"_et_pb_use_builder":"on","_et_pb_old_content":"","_et_gb_content_width":"","footnotes":""},"class_list":["post-2767","page","type-page","status-publish","hentry"],"_links":{"self":[{"href":"https:\/\/weissmanfred.hu\/de\/wp-json\/wp\/v2\/pages\/2767","targetHints":{"allow":["GET"]}}],"collection":[{"href":"https:\/\/weissmanfred.hu\/de\/wp-json\/wp\/v2\/pages"}],"about":[{"href":"https:\/\/weissmanfred.hu\/de\/wp-json\/wp\/v2\/types\/page"}],"author":[{"embeddable":true,"href":"https:\/\/weissmanfred.hu\/de\/wp-json\/wp\/v2\/users\/1"}],"replies":[{"embeddable":true,"href":"https:\/\/weissmanfred.hu\/de\/wp-json\/wp\/v2\/comments?post=2767"}],"version-history":[{"count":10,"href":"https:\/\/weissmanfred.hu\/de\/wp-json\/wp\/v2\/pages\/2767\/revisions"}],"predecessor-version":[{"id":2799,"href":"https:\/\/weissmanfred.hu\/de\/wp-json\/wp\/v2\/pages\/2767\/revisions\/2799"}],"wp:attachment":[{"href":"https:\/\/weissmanfred.hu\/de\/wp-json\/wp\/v2\/media?parent=2767"}],"curies":[{"name":"wp","href":"https:\/\/api.w.org\/{rel}","templated":true}]}}