{"id":2242,"date":"2021-11-05T12:30:48","date_gmt":"2021-11-05T12:30:48","guid":{"rendered":"https:\/\/csepelmetall.net\/?page_id=2242"},"modified":"2021-11-05T12:30:53","modified_gmt":"2021-11-05T12:30:53","slug":"eves-osszefoglalo-energetikai-jelentes","status":"publish","type":"page","link":"https:\/\/weissmanfred.hu\/de\/eves-osszefoglalo-energetikai-jelentes\/","title":{"rendered":"\u00c9ves \u00f6sszefoglal\u00f3 energetikai jelent\u00e9s"},"content":{"rendered":"<figure class=\"wp-block-image size-large\"><img loading=\"lazy\" decoding=\"async\" width=\"1024\" height=\"724\" src=\"https:\/\/weissmanfred.hu\/wp-content\/uploads\/2021\/11\/0001-1024x724.jpg\" alt=\"\" class=\"wp-image-2244\" srcset=\"https:\/\/weissmanfred.hu\/wp-content\/uploads\/2021\/11\/0001-980x693.jpg 980w, https:\/\/weissmanfred.hu\/wp-content\/uploads\/2021\/11\/0001-480x339.jpg 480w\" sizes=\"auto, (min-width: 0px) and (max-width: 480px) 480px, (min-width: 481px) and (max-width: 980px) 980px, (min-width: 981px) 1024px, 100vw\" \/><\/figure>\n\n\n\n<figure class=\"wp-block-image size-large\"><img loading=\"lazy\" decoding=\"async\" width=\"1024\" height=\"724\" src=\"https:\/\/weissmanfred.hu\/wp-content\/uploads\/2021\/11\/0002-1024x724.jpg\" alt=\"\" class=\"wp-image-2247\" srcset=\"https:\/\/weissmanfred.hu\/wp-content\/uploads\/2021\/11\/0002-980x693.jpg 980w, https:\/\/weissmanfred.hu\/wp-content\/uploads\/2021\/11\/0002-480x339.jpg 480w\" sizes=\"auto, (min-width: 0px) and (max-width: 480px) 480px, (min-width: 481px) and (max-width: 980px) 980px, (min-width: 981px) 1024px, 100vw\" \/><\/figure>\n\n\n\n<figure class=\"wp-block-image size-large\"><img loading=\"lazy\" decoding=\"async\" width=\"1024\" height=\"724\" src=\"https:\/\/weissmanfred.hu\/wp-content\/uploads\/2021\/11\/0003-1024x724.jpg\" alt=\"\" class=\"wp-image-2250\" srcset=\"https:\/\/weissmanfred.hu\/wp-content\/uploads\/2021\/11\/0003-980x693.jpg 980w, https:\/\/weissmanfred.hu\/wp-content\/uploads\/2021\/11\/0003-480x339.jpg 480w\" sizes=\"auto, (min-width: 0px) and (max-width: 480px) 480px, (min-width: 481px) and (max-width: 980px) 980px, (min-width: 981px) 1024px, 100vw\" \/><\/figure>\n\n\n\n<figure class=\"wp-block-image size-large\"><img loading=\"lazy\" decoding=\"async\" width=\"1024\" height=\"724\" src=\"https:\/\/weissmanfred.hu\/wp-content\/uploads\/2021\/11\/0004-1024x724.jpg\" alt=\"\" class=\"wp-image-2253\" srcset=\"https:\/\/weissmanfred.hu\/wp-content\/uploads\/2021\/11\/0004-980x693.jpg 980w, https:\/\/weissmanfred.hu\/wp-content\/uploads\/2021\/11\/0004-480x339.jpg 480w\" sizes=\"auto, (min-width: 0px) and (max-width: 480px) 480px, (min-width: 481px) and (max-width: 980px) 980px, (min-width: 981px) 1024px, 100vw\" \/><\/figure>\n\n\n\n<figure class=\"wp-block-image size-large\"><img loading=\"lazy\" decoding=\"async\" width=\"1024\" height=\"724\" src=\"https:\/\/weissmanfred.hu\/wp-content\/uploads\/2021\/11\/0005-1024x724.jpg\" alt=\"\" class=\"wp-image-2256\" srcset=\"https:\/\/weissmanfred.hu\/wp-content\/uploads\/2021\/11\/0005-980x693.jpg 980w, https:\/\/weissmanfred.hu\/wp-content\/uploads\/2021\/11\/0005-480x339.jpg 480w\" sizes=\"auto, (min-width: 0px) and (max-width: 480px) 480px, (min-width: 481px) and (max-width: 980px) 980px, (min-width: 981px) 1024px, 100vw\" \/><\/figure>\n\n\n\n<figure class=\"wp-block-image size-large\"><img loading=\"lazy\" decoding=\"async\" width=\"1024\" height=\"724\" src=\"https:\/\/weissmanfred.hu\/wp-content\/uploads\/2021\/11\/0006-1024x724.jpg\" alt=\"\" class=\"wp-image-2259\" srcset=\"https:\/\/weissmanfred.hu\/wp-content\/uploads\/2021\/11\/0006-980x693.jpg 980w, https:\/\/weissmanfred.hu\/wp-content\/uploads\/2021\/11\/0006-480x339.jpg 480w\" sizes=\"auto, (min-width: 0px) and (max-width: 480px) 480px, (min-width: 481px) and (max-width: 980px) 980px, (min-width: 981px) 1024px, 100vw\" \/><\/figure>\n\n\n\n<figure class=\"wp-block-image size-large\"><img loading=\"lazy\" decoding=\"async\" width=\"1024\" height=\"724\" src=\"https:\/\/weissmanfred.hu\/wp-content\/uploads\/2021\/11\/0007-1024x724.jpg\" alt=\"\" class=\"wp-image-2262\" srcset=\"https:\/\/weissmanfred.hu\/wp-content\/uploads\/2021\/11\/0007-980x693.jpg 980w, https:\/\/weissmanfred.hu\/wp-content\/uploads\/2021\/11\/0007-480x339.jpg 480w\" sizes=\"auto, (min-width: 0px) and (max-width: 480px) 480px, (min-width: 481px) and (max-width: 980px) 980px, (min-width: 981px) 1024px, 100vw\" \/><\/figure>\n\n\n\n<figure class=\"wp-block-image size-large\"><img loading=\"lazy\" decoding=\"async\" width=\"1024\" height=\"724\" src=\"https:\/\/weissmanfred.hu\/wp-content\/uploads\/2021\/11\/0008-1024x724.jpg\" alt=\"\" class=\"wp-image-2265\" srcset=\"https:\/\/weissmanfred.hu\/wp-content\/uploads\/2021\/11\/0008-980x693.jpg 980w, https:\/\/weissmanfred.hu\/wp-content\/uploads\/2021\/11\/0008-480x339.jpg 480w\" sizes=\"auto, (min-width: 0px) and (max-width: 480px) 480px, (min-width: 481px) and (max-width: 980px) 980px, (min-width: 981px) 1024px, 100vw\" \/><\/figure>\n\n\n\n<figure class=\"wp-block-image size-large\"><img loading=\"lazy\" decoding=\"async\" width=\"1024\" height=\"724\" src=\"https:\/\/weissmanfred.hu\/wp-content\/uploads\/2021\/11\/0009-1024x724.jpg\" alt=\"\" class=\"wp-image-2268\" srcset=\"https:\/\/weissmanfred.hu\/wp-content\/uploads\/2021\/11\/0009-980x693.jpg 980w, https:\/\/weissmanfred.hu\/wp-content\/uploads\/2021\/11\/0009-480x339.jpg 480w\" sizes=\"auto, (min-width: 0px) and (max-width: 480px) 480px, (min-width: 481px) and (max-width: 980px) 980px, (min-width: 981px) 1024px, 100vw\" \/><\/figure>\n\n\n\n<figure class=\"wp-block-image size-large\"><img loading=\"lazy\" decoding=\"async\" width=\"1024\" height=\"724\" src=\"https:\/\/weissmanfred.hu\/wp-content\/uploads\/2021\/11\/0010-1024x724.jpg\" alt=\"\" class=\"wp-image-2271\" srcset=\"https:\/\/weissmanfred.hu\/wp-content\/uploads\/2021\/11\/0010-980x693.jpg 980w, https:\/\/weissmanfred.hu\/wp-content\/uploads\/2021\/11\/0010-480x339.jpg 480w\" sizes=\"auto, (min-width: 0px) and (max-width: 480px) 480px, (min-width: 481px) and (max-width: 980px) 980px, (min-width: 981px) 1024px, 100vw\" \/><\/figure>","protected":false},"excerpt":{"rendered":"","protected":false},"author":1,"featured_media":0,"parent":0,"menu_order":0,"comment_status":"closed","ping_status":"closed","template":"","meta":{"_et_pb_use_builder":"off","_et_pb_old_content":"","_et_gb_content_width":"","footnotes":""},"class_list":["post-2242","page","type-page","status-publish","hentry"],"_links":{"self":[{"href":"https:\/\/weissmanfred.hu\/de\/wp-json\/wp\/v2\/pages\/2242","targetHints":{"allow":["GET"]}}],"collection":[{"href":"https:\/\/weissmanfred.hu\/de\/wp-json\/wp\/v2\/pages"}],"about":[{"href":"https:\/\/weissmanfred.hu\/de\/wp-json\/wp\/v2\/types\/page"}],"author":[{"embeddable":true,"href":"https:\/\/weissmanfred.hu\/de\/wp-json\/wp\/v2\/users\/1"}],"replies":[{"embeddable":true,"href":"https:\/\/weissmanfred.hu\/de\/wp-json\/wp\/v2\/comments?post=2242"}],"version-history":[{"count":1,"href":"https:\/\/weissmanfred.hu\/de\/wp-json\/wp\/v2\/pages\/2242\/revisions"}],"predecessor-version":[{"id":2274,"href":"https:\/\/weissmanfred.hu\/de\/wp-json\/wp\/v2\/pages\/2242\/revisions\/2274"}],"wp:attachment":[{"href":"https:\/\/weissmanfred.hu\/de\/wp-json\/wp\/v2\/media?parent=2242"}],"curies":[{"name":"wp","href":"https:\/\/api.w.org\/{rel}","templated":true}]}}